{"id":9999,"date":"2020-06-02T14:50:09","date_gmt":"2020-06-02T12:50:09","guid":{"rendered":"https:\/\/www.pfahlbauten.de\/?page_id=9999"},"modified":"2025-05-27T13:31:10","modified_gmt":"2025-05-27T11:31:10","slug":"accessibilite","status":"publish","type":"page","link":"https:\/\/www.pfahlbauten.de\/fr\/votre-visite\/accessibilite\/","title":{"rendered":"Accessibilit\u00e9"},"content":{"rendered":"<div id='full_slider_1'  class='avia-fullwidth-slider main_color avia-shadow   avia-builder-el-0  el_before_av_section  avia-builder-el-first   container_wrap sidebar_right'  ><div  class='avia-slideshow av-1uvq0y7-d33da5974d931be394aabce3b15529fc avia-slideshow-1536x1536 av_slideshow_full avia-slide-slider av-slideshow-ui av-control-minimal av-slideshow-manual av-loop-once av-loop-manual-endless av-default-height-applied   avia-slideshow-1' data-slideshow-options=\"{&quot;animation&quot;:&quot;slide&quot;,&quot;autoplay&quot;:false,&quot;loop_autoplay&quot;:&quot;once&quot;,&quot;interval&quot;:5,&quot;loop_manual&quot;:&quot;manual-endless&quot;,&quot;autoplay_stopper&quot;:false,&quot;noNavigation&quot;:false,&quot;bg_slider&quot;:false,&quot;keep_padding&quot;:false,&quot;hoverpause&quot;:false,&quot;show_slide_delay&quot;:0}\"  itemprop=\"image\" itemscope=\"itemscope\" itemtype=\"https:\/\/schema.org\/ImageObject\" ><ul class='avia-slideshow-inner ' style='padding-bottom: 32.2916666667%;'><li  class='avia-slideshow-slide av-1uvq0y7-d33da5974d931be394aabce3b15529fc__1  slide-1 slide-odd'><div data-rel='slideshow-1' class='avia-slide-wrap '   ><img decoding=\"async\" fetchpriority=\"high\" class=\"wp-image-368 avia-img-lazy-loading-not-368\"  src=\"https:\/\/www.pfahlbauten.de\/wp-content\/uploads\/2020\/06\/Barrierefreiheit_oben-1536x496.jpg\" width=\"1536\" height=\"496\" title='Barrierefreiheit_oben' alt=''  itemprop=\"thumbnailUrl\" srcset=\"https:\/\/www.pfahlbauten.de\/wp-content\/uploads\/2020\/06\/Barrierefreiheit_oben-1536x496.jpg 1536w, https:\/\/www.pfahlbauten.de\/wp-content\/uploads\/2020\/06\/Barrierefreiheit_oben-300x97.jpg 300w, https:\/\/www.pfahlbauten.de\/wp-content\/uploads\/2020\/06\/Barrierefreiheit_oben-1030x333.jpg 1030w, https:\/\/www.pfahlbauten.de\/wp-content\/uploads\/2020\/06\/Barrierefreiheit_oben-768x248.jpg 768w, https:\/\/www.pfahlbauten.de\/wp-content\/uploads\/2020\/06\/Barrierefreiheit_oben-1500x484.jpg 1500w, https:\/\/www.pfahlbauten.de\/wp-content\/uploads\/2020\/06\/Barrierefreiheit_oben-705x228.jpg 705w, https:\/\/www.pfahlbauten.de\/wp-content\/uploads\/2020\/06\/Barrierefreiheit_oben.jpg 1920w\" sizes=\"(max-width: 1536px) 100vw, 1536px\" \/><\/div><\/li><\/ul><\/div><\/div>\n\n<style type=\"text\/css\" data-created_by=\"avia_inline_auto\" id=\"style-css-av-1pcy17j-dc808ec16a13d5cf7d974b18a15aae41\">\n.avia-section.av-1pcy17j-dc808ec16a13d5cf7d974b18a15aae41{\nbackground-color:#ffffff;\nbackground-image:unset;\nmargin-top:0;\nmargin-bottom:20px;\n}\n<\/style>\n<div id='av_section_1'  class='avia-section av-1pcy17j-dc808ec16a13d5cf7d974b18a15aae41 main_color avia-section-default avia-no-border-styling  avia-builder-el-1  el_after_av_slideshow_full  el_before_av_section  avia-bg-style-scroll av-minimum-height av-minimum-height-25 av-height-25  container_wrap sidebar_right'   data-av_minimum_height_pc='25' data-av_min_height_opt='25'><div class='container av-section-cont-open' ><div class='template-page content  av-content-small alpha units'><div class='post-entry post-entry-type-page post-entry-9999'><div class='entry-content-wrapper clearfix'>\n<div  class='flex_column av-1owx9bj-ff5f59aa7c25f786ad248405e8f0bd66 av_one_full  avia-builder-el-2  el_before_av_one_half  avia-builder-el-first  first flex_column_div  '     ><section  class='av_textblock_section av-maxkflhw-4a6531ab29072491d5c81bf0c3178d9d '   itemscope=\"itemscope\" itemtype=\"https:\/\/schema.org\/CreativeWork\" ><div class='avia_textblock'  itemprop=\"text\" ><h1 style=\"text-align: center;\">Accessibilit\u00e9<\/h1>\n<\/div><\/section><\/div>\n<style type=\"text\/css\" data-created_by=\"avia_inline_auto\" id=\"style-css-av-1mm6fnz-5f8c9dfd0b96e6fa5775ae83f36a3db2\">\n.flex_column.av-1mm6fnz-5f8c9dfd0b96e6fa5775ae83f36a3db2{\nborder-radius:0px 0px 0px 0px;\npadding:0px 0px 0px 0px;\n}\n<\/style>\n<div  class='flex_column av-1mm6fnz-5f8c9dfd0b96e6fa5775ae83f36a3db2 av_one_half  avia-builder-el-4  el_after_av_one_full  el_before_av_one_half  first flex_column_div av-zero-column-padding  column-top-margin'     ><section  class='av_textblock_section av-1ks5w3z-4fe29c33bacdbc76c05803b2cad712ff '   itemscope=\"itemscope\" itemtype=\"https:\/\/schema.org\/CreativeWork\" ><div class='avia_textblock'  itemprop=\"text\" ><p>Le Mus\u00e9e des Villas lacustres est en grande partie accessible aux personnes \u00e0 mobilit\u00e9 r\u00e9duite. Des places de parking sont pr\u00e9vues \u00e0 cet effet \u00e0 proximit\u00e9 du mus\u00e9e. Des rampes et des passerelles permettent d&rsquo;acc\u00e9der au mus\u00e9e en plein air, situ\u00e9 au rez-de-chauss\u00e9e. Pour ses excellentes caract\u00e9ristiques d&rsquo;accessibilit\u00e9, le Mus\u00e9e des Villas lacustres a re\u00e7u le prix Inclusion Plus en 2022.<\/p>\n<\/div><\/section><\/div>\n<style type=\"text\/css\" data-created_by=\"avia_inline_auto\" id=\"style-css-av-1j62ewf-fe650c7310afe85fb4edf79aa829f25e\">\n.flex_column.av-1j62ewf-fe650c7310afe85fb4edf79aa829f25e{\nborder-radius:0px 0px 0px 0px;\npadding:0px 0px 0px 0px;\n}\n<\/style>\n<div  class='flex_column av-1j62ewf-fe650c7310afe85fb4edf79aa829f25e av_one_half  avia-builder-el-6  el_after_av_one_half  el_before_av_hr  flex_column_div av-zero-column-padding  column-top-margin'     ><section  class='av_textblock_section av-1hzy7kf-21f6024332b5f98dc206563625425686 '   itemscope=\"itemscope\" itemtype=\"https:\/\/schema.org\/CreativeWork\" ><div class='avia_textblock'  itemprop=\"text\" ><p>Toutes les maisons de l&rsquo;espace ext\u00e9rieur ne sont pas enti\u00e8rement accessibles. Cependant, la plupart disposent de portes rallong\u00e9es et sont accessibles d&rsquo;un seul c\u00f4t\u00e9. Pour les groupes pr\u00e9sentant un handicap sensoriel ou moteur, nous vous demandons de vous inscrire \u00e0 l&rsquo;avance afin de mieux organiser votre visite.<\/p>\n<\/div><\/section><\/div><div  class='hr av-1g3dxjj-0efa0692346d80b697af44aded0e8d0e hr-default  avia-builder-el-8  el_after_av_one_half  el_before_av_one_full '><span class='hr-inner '><span class=\"hr-inner-style\"><\/span><\/span><\/div>\n\n<style type=\"text\/css\" data-created_by=\"avia_inline_auto\" id=\"style-css-av-1dw3f73-7a0806c99a2ab051fdee51e263e5de23\">\n#top .flex_column.av-1dw3f73-7a0806c99a2ab051fdee51e263e5de23{\nmargin-top:0px;\nmargin-bottom:0px;\n}\n.flex_column.av-1dw3f73-7a0806c99a2ab051fdee51e263e5de23{\nborder-radius:0px 0px 0px 0px;\npadding:0px 0px 0px 0px;\n}\n.responsive #top #wrap_all .flex_column.av-1dw3f73-7a0806c99a2ab051fdee51e263e5de23{\nmargin-top:0px;\nmargin-bottom:0px;\n}\n<\/style>\n<div  class='flex_column av-1dw3f73-7a0806c99a2ab051fdee51e263e5de23 av_one_full  avia-builder-el-9  el_after_av_hr  el_before_av_one_half  first flex_column_div av-zero-column-padding  '     ><section  class='av_textblock_section av-1c9eanz-ebd8011549910a678b90fac5447ba0e4 '   itemscope=\"itemscope\" itemtype=\"https:\/\/schema.org\/CreativeWork\" ><div class='avia_textblock'  itemprop=\"text\" ><h1 style=\"text-align: center;\">Frais d&rsquo;Entr\u00e9e<\/h1>\n<\/div><\/section><\/div>\n<style type=\"text\/css\" data-created_by=\"avia_inline_auto\" id=\"style-css-av-1bcw11b-2b12434b8c4914bb6f46e7ce458467ef\">\n.flex_column.av-1bcw11b-2b12434b8c4914bb6f46e7ce458467ef{\nborder-radius:0px 0px 0px 0px;\npadding:0px 0px 0px 0px;\n}\n<\/style>\n<div  class='flex_column av-1bcw11b-2b12434b8c4914bb6f46e7ce458467ef av_one_half  avia-builder-el-11  el_after_av_one_full  el_before_av_one_half  first flex_column_div av-zero-column-padding  column-top-margin'     ><section  class='av_textblock_section av-1a33kwf-b7c9280cf634c1e2ffe6845ada76ce9f '   itemscope=\"itemscope\" itemtype=\"https:\/\/schema.org\/CreativeWork\" ><div class='avia_textblock'  itemprop=\"text\" ><p>Les personnes en situation de handicap b\u00e9n\u00e9ficient d&rsquo;une r\u00e9duction de 1 \u20ac \u00e0 l&rsquo;entr\u00e9e du mus\u00e9e et \u00e0 la billetterie. Pour cela, il suffit de pr\u00e9senter une pi\u00e8ce d&rsquo;identit\u00e9 et une carte d&rsquo;identit\u00e9 valide. Si un visiteur pr\u00e9sente un handicap moteur exceptionnel ou est aveugle, l&rsquo;entr\u00e9e au mus\u00e9e est gratuite pour un accompagnateur.<\/p>\n<\/div><\/section><\/div>\n<style type=\"text\/css\" data-created_by=\"avia_inline_auto\" id=\"style-css-av-4f6vq7-007dd472a61298d49eb3c987523b1129\">\n.flex_column.av-4f6vq7-007dd472a61298d49eb3c987523b1129{\nborder-radius:0px 0px 0px 0px;\npadding:0px 0px 0px 0px;\n}\n<\/style>\n<div  class='flex_column av-4f6vq7-007dd472a61298d49eb3c987523b1129 av_one_half  avia-builder-el-13  el_after_av_one_half  el_before_av_hr  flex_column_div av-zero-column-padding  column-top-margin'     ><section  class='av_textblock_section av-16yp5lr-67758e8ae3d974f3b9a4ba0aa58936f6 '   itemscope=\"itemscope\" itemtype=\"https:\/\/schema.org\/CreativeWork\" ><div class='avia_textblock'  itemprop=\"text\" ><p>S&rsquo;il n&rsquo;y a pas de handicap exceptionnel \u00e0 la marche ou de c\u00e9cit\u00e9, le visiteur et son accompagnateur paient le prix d&rsquo;entr\u00e9e r\u00e9duit.<\/p>\n<\/div><\/section><\/div><div  class='hr av-40rc0v-5fe4ab2f6bcb50834dc5ff653bfa0fb7 hr-default  avia-builder-el-15  el_after_av_one_half  el_before_av_textblock '><span class='hr-inner '><span class=\"hr-inner-style\"><\/span><\/span><\/div>\n<section  class='av_textblock_section av-3v803j-707c4955b02cf516a5b9e4c5ec106bb0 '   itemscope=\"itemscope\" itemtype=\"https:\/\/schema.org\/CreativeWork\" ><div class='avia_textblock'  itemprop=\"text\" ><h1 style=\"text-align: center;\">Pour Tous Vos Sens<\/h1>\n<\/div><\/section>\n\n<style type=\"text\/css\" data-created_by=\"avia_inline_auto\" id=\"style-css-av-116n0jj-b24c359fef20ab6245819e0d9f231fe8\">\n.flex_column.av-116n0jj-b24c359fef20ab6245819e0d9f231fe8{\nborder-radius:0px 0px 0px 0px;\npadding:0px 0px 0px 0px;\n}\n<\/style>\n<div  class='flex_column av-116n0jj-b24c359fef20ab6245819e0d9f231fe8 av_one_half  avia-builder-el-17  el_after_av_textblock  el_before_av_one_half  first flex_column_div av-zero-column-padding  column-top-margin'     ><section  class='av_textblock_section av-zy8xof-ea78d07628e149c02d072da99301411a '   itemscope=\"itemscope\" itemtype=\"https:\/\/schema.org\/CreativeWork\" ><div class='avia_textblock'  itemprop=\"text\" ><p>Les mus\u00e9es en plein air sont sp\u00e9cialement con\u00e7us pour une exp\u00e9rience sans entraves de l&rsquo;histoire et de la nature. Les sept sens humains sont sollicit\u00e9s. C&rsquo;est particuli\u00e8rement vrai pour les sites palafittiques d&rsquo;Unteruhldingen, situ\u00e9s au bord du lac de Constance. L&rsquo;ou\u00efe, le go\u00fbt, l&rsquo;odorat, la vue, le toucher, ainsi que les sens de l&rsquo;\u00e9quilibre et du mouvement, sont autant de stimulations lors de votre visite.<\/p>\n<\/div><\/section><\/div>\n<style type=\"text\/css\" data-created_by=\"avia_inline_auto\" id=\"style-css-av-xpy7bj-9f2a2e9c738c693f65789f152bb465bf\">\n.flex_column.av-xpy7bj-9f2a2e9c738c693f65789f152bb465bf{\nborder-radius:0px 0px 0px 0px;\npadding:0px 0px 0px 0px;\n}\n<\/style>\n<div  class='flex_column av-xpy7bj-9f2a2e9c738c693f65789f152bb465bf av_one_half  avia-builder-el-19  el_after_av_one_half  el_before_av_one_third  flex_column_div av-zero-column-padding  column-top-margin'     ><section  class='av_textblock_section av-wgq47j-2c2209741bcf1ca7bb5f08bc185e3035 '   itemscope=\"itemscope\" itemtype=\"https:\/\/schema.org\/CreativeWork\" ><div class='avia_textblock'  itemprop=\"text\" ><p>Des explications d\u00e9taill\u00e9es sont donn\u00e9es aux points d&rsquo;information. Des panneaux en allemand, anglais, fran\u00e7ais et italien renseignent. De petits guides du mus\u00e9e, accompagn\u00e9s de textes multilingues, enrichissent votre exp\u00e9rience ; ils sont disponibles \u00e0 l&rsquo;entr\u00e9e du mus\u00e9e moyennant un l\u00e9ger suppl\u00e9ment. Vous pouvez t\u00e9l\u00e9charger des informations compl\u00e9mentaires en plusieurs langues <a href=\"https:\/\/www.pfahlbauten.de\/fr\/services\/#download\"><strong>ici<\/strong><\/a>.<\/p>\n<\/div><\/section><\/div>\n<style type=\"text\/css\" data-created_by=\"avia_inline_auto\" id=\"style-css-av-tycqan-581e3a73be0f7f3136e2773b7d844441\">\n.flex_column.av-tycqan-581e3a73be0f7f3136e2773b7d844441{\nborder-radius:0px 0px 0px 0px;\npadding:0px 0px 0px 0px;\n}\n<\/style>\n<div  class='flex_column av-tycqan-581e3a73be0f7f3136e2773b7d844441 av_one_third  avia-builder-el-21  el_after_av_one_half  el_before_av_one_third  first flex_column_div av-zero-column-padding  column-top-margin'     ><p>\n<style type=\"text\/css\" data-created_by=\"avia_inline_auto\" id=\"style-css-av-sac0sv-164fec9b313ff9cdc0ffcb4bad423514\">\n.avia-image-container.av-sac0sv-164fec9b313ff9cdc0ffcb4bad423514 img.avia_image{\nbox-shadow:none;\n}\n.avia-image-container.av-sac0sv-164fec9b313ff9cdc0ffcb4bad423514 .av-image-caption-overlay-center{\ncolor:#ffffff;\n}\n<\/style>\n<div  class='avia-image-container av-sac0sv-164fec9b313ff9cdc0ffcb4bad423514 av-styling-no-styling avia-align-  avia-builder-el-22  el_before_av_hr  avia-builder-el-first '   itemprop=\"image\" itemscope=\"itemscope\" itemtype=\"https:\/\/schema.org\/ImageObject\" ><div class=\"avia-image-container-inner\"><div class=\"avia-image-overlay-wrap\"><img decoding=\"async\" fetchpriority=\"high\" class='wp-image-376 avia-img-lazy-loading-not-376 avia_image ' src=\"https:\/\/www.pfahlbauten.de\/wp-content\/uploads\/2020\/06\/Barrierefreiheit_01-300x234.jpg\" alt='' title='Barrierefreiheit_01'  height=\"234\" width=\"300\"  itemprop=\"thumbnailUrl\" srcset=\"https:\/\/www.pfahlbauten.de\/wp-content\/uploads\/2020\/06\/Barrierefreiheit_01-300x234.jpg 300w, https:\/\/www.pfahlbauten.de\/wp-content\/uploads\/2020\/06\/Barrierefreiheit_01.jpg 448w\" sizes=\"(max-width: 300px) 100vw, 300px\" \/><\/div><\/div><\/div><br \/>\n\n<style type=\"text\/css\" data-created_by=\"avia_inline_auto\" id=\"style-css-av-rfec7j-cdad5cd583b0fa29403f2295aede8235\">\n#top .hr.hr-invisible.av-rfec7j-cdad5cd583b0fa29403f2295aede8235{\nheight:17px;\n}\n<\/style>\n<div  class='hr av-rfec7j-cdad5cd583b0fa29403f2295aede8235 hr-invisible  avia-builder-el-23  el_after_av_image  el_before_av_textblock '><span class='hr-inner '><span class=\"hr-inner-style\"><\/span><\/span><\/div><br \/>\n<section  class='av_textblock_section av-pqsu9b-6b0afafb630b9927567e4d2e397762a1 '   itemscope=\"itemscope\" itemtype=\"https:\/\/schema.org\/CreativeWork\" ><div class='avia_textblock'  itemprop=\"text\" ><h3>L&rsquo;Odorat, le Go\u00fbt, l&rsquo;Ou\u00efe<\/h3>\n<p>Le lac, la for\u00eat riveraine, les habitations sur pilotis et toutes les substances et mat\u00e9riaux utilis\u00e9s depuis l&rsquo;\u00e2ge de pierre offrent aux gens d&rsquo;aujourd&rsquo;hui de nouvelles et passionnantes fa\u00e7ons de vivre la vie.<\/p>\n<\/div><\/section><\/p><\/div>\n<style type=\"text\/css\" data-created_by=\"avia_inline_auto\" id=\"style-css-av-nsjwlb-51920a32c852bea119ec1daece3e5820\">\n.flex_column.av-nsjwlb-51920a32c852bea119ec1daece3e5820{\nborder-radius:0px 0px 0px 0px;\npadding:0px 0px 0px 0px;\n}\n<\/style>\n<div  class='flex_column av-nsjwlb-51920a32c852bea119ec1daece3e5820 av_one_third  avia-builder-el-25  el_after_av_one_third  el_before_av_one_third  flex_column_div av-zero-column-padding  column-top-margin'     ><p>\n<style type=\"text\/css\" data-created_by=\"avia_inline_auto\" id=\"style-css-av-lon4yn-e5b204cba8eb499f921736c6fe3bf595\">\n.avia-image-container.av-lon4yn-e5b204cba8eb499f921736c6fe3bf595 img.avia_image{\nbox-shadow:none;\n}\n.avia-image-container.av-lon4yn-e5b204cba8eb499f921736c6fe3bf595 .av-image-caption-overlay-center{\ncolor:#ffffff;\n}\n<\/style>\n<div  class='avia-image-container av-lon4yn-e5b204cba8eb499f921736c6fe3bf595 av-styling-no-styling avia-align-  avia-builder-el-26  el_before_av_hr  avia-builder-el-first '   itemprop=\"image\" itemscope=\"itemscope\" itemtype=\"https:\/\/schema.org\/ImageObject\" ><div class=\"avia-image-container-inner\"><div class=\"avia-image-overlay-wrap\"><img decoding=\"async\" fetchpriority=\"high\" class='wp-image-6038 avia-img-lazy-loading-not-6038 avia_image ' src=\"https:\/\/www.pfahlbauten.de\/wp-content\/uploads\/2023\/08\/shutterstock_597585695-2-300x200.jpg\" alt='' title='shutterstock_597585695-2'  height=\"200\" width=\"300\"  itemprop=\"thumbnailUrl\" srcset=\"https:\/\/www.pfahlbauten.de\/wp-content\/uploads\/2023\/08\/shutterstock_597585695-2-300x200.jpg 300w, https:\/\/www.pfahlbauten.de\/wp-content\/uploads\/2023\/08\/shutterstock_597585695-2-768x512.jpg 768w, https:\/\/www.pfahlbauten.de\/wp-content\/uploads\/2023\/08\/shutterstock_597585695-2-705x470.jpg 705w, https:\/\/www.pfahlbauten.de\/wp-content\/uploads\/2023\/08\/shutterstock_597585695-2.jpg 1000w\" sizes=\"(max-width: 300px) 100vw, 300px\" \/><\/div><\/div><\/div><br \/>\n\n<style type=\"text\/css\" data-created_by=\"avia_inline_auto\" id=\"style-css-av-k9zsj3-4050d67b6f7334b7ad4d566410099bbd\">\n#top .hr.hr-invisible.av-k9zsj3-4050d67b6f7334b7ad4d566410099bbd{\nheight:17px;\n}\n<\/style>\n<div  class='hr av-k9zsj3-4050d67b6f7334b7ad4d566410099bbd hr-invisible  avia-builder-el-27  el_after_av_image  el_before_av_textblock '><span class='hr-inner '><span class=\"hr-inner-style\"><\/span><\/span><\/div><br \/>\n<section  class='av_textblock_section av-ja52hb-15fbf10b4556e0caa26daa8519e7d98a '   itemscope=\"itemscope\" itemtype=\"https:\/\/schema.org\/CreativeWork\" ><div class='avia_textblock'  itemprop=\"text\" ><h3>Places de Stationnement pour Personnes Handicap\u00e9es<\/h3>\n<p>Des places de stationnement pour personnes handicap\u00e9es sont disponibles \u00e0 proximit\u00e9 imm\u00e9diate du mus\u00e9e pour les personnes munies d&rsquo;une autorisation valable.<\/p>\n<\/div><\/section><\/p><\/div>\n<style type=\"text\/css\" data-created_by=\"avia_inline_auto\" id=\"style-css-av-hjnetr-17b6d22900444670aac12d0d291c89c6\">\n.flex_column.av-hjnetr-17b6d22900444670aac12d0d291c89c6{\nborder-radius:0px 0px 0px 0px;\npadding:0px 0px 0px 0px;\n}\n<\/style>\n<div  class='flex_column av-hjnetr-17b6d22900444670aac12d0d291c89c6 av_one_third  avia-builder-el-29  el_after_av_one_third  avia-builder-el-last  flex_column_div av-zero-column-padding  column-top-margin'     ><p>\n<style type=\"text\/css\" data-created_by=\"avia_inline_auto\" id=\"style-css-av-gd8pen-b283461212f9f981b25c8af73eed4414\">\n.avia-image-container.av-gd8pen-b283461212f9f981b25c8af73eed4414 img.avia_image{\nbox-shadow:none;\n}\n.avia-image-container.av-gd8pen-b283461212f9f981b25c8af73eed4414 .av-image-caption-overlay-center{\ncolor:#ffffff;\n}\n<\/style>\n<div  class='avia-image-container av-gd8pen-b283461212f9f981b25c8af73eed4414 av-styling-no-styling avia-align-left  avia-builder-el-30  el_before_av_hr  avia-builder-el-first '   itemprop=\"image\" itemscope=\"itemscope\" itemtype=\"https:\/\/schema.org\/ImageObject\" ><div class=\"avia-image-container-inner\"><div class=\"avia-image-overlay-wrap\"><img decoding=\"async\" fetchpriority=\"high\" class='wp-image-380 avia-img-lazy-loading-not-380 avia_image ' src=\"https:\/\/www.pfahlbauten.de\/wp-content\/uploads\/2020\/06\/Barrierefreiheit_02-300x234.jpg\" alt='' title='Barrierefreiheit_02'  height=\"234\" width=\"300\"  itemprop=\"thumbnailUrl\" srcset=\"https:\/\/www.pfahlbauten.de\/wp-content\/uploads\/2020\/06\/Barrierefreiheit_02-300x234.jpg 300w, https:\/\/www.pfahlbauten.de\/wp-content\/uploads\/2020\/06\/Barrierefreiheit_02.jpg 448w\" sizes=\"(max-width: 300px) 100vw, 300px\" \/><\/div><\/div><\/div><br \/>\n\n<style type=\"text\/css\" data-created_by=\"avia_inline_auto\" id=\"style-css-av-ennmlb-a96d257c18c44c26f3b6dd2f1bb8f6ee\">\n#top .hr.hr-invisible.av-ennmlb-a96d257c18c44c26f3b6dd2f1bb8f6ee{\nheight:17px;\n}\n<\/style>\n<div  class='hr av-ennmlb-a96d257c18c44c26f3b6dd2f1bb8f6ee hr-invisible  avia-builder-el-31  el_after_av_image  el_before_av_textblock '><span class='hr-inner '><span class=\"hr-inner-style\"><\/span><\/span><\/div><br \/>\n<section  class='av_textblock_section av-cj0a67-39e954832b0c1916ad61c968692932a0 '   itemscope=\"itemscope\" itemtype=\"https:\/\/schema.org\/CreativeWork\" ><div class='avia_textblock'  itemprop=\"text\" ><h3>Guide du Mus\u00e9e en Braille<\/h3>\n<p>Des guides du mus\u00e9e en braille sont disponibles pour les visiteurs pr\u00e9sentant un handicap sensoriel. Ils sont d\u00e9sinfect\u00e9s avant et apr\u00e8s chaque visite.<\/p>\n<\/div><\/section><\/p><\/div><\/div><\/div><\/div><!-- close content main div --><\/div><\/div>\n<style type=\"text\/css\" data-created_by=\"avia_inline_auto\" id=\"style-css-av-aaeman-82cfe6311c829b56c9553820571154fe\">\n.avia-section.av-aaeman-82cfe6311c829b56c9553820571154fe{\nbackground-color:#d8dacc;\nbackground-image:unset;\nmargin-top:0px;\nmargin-bottom:0px;\n}\n<\/style>\n<div id='av_section_2'  class='avia-section av-aaeman-82cfe6311c829b56c9553820571154fe main_color avia-section-default avia-no-border-styling  avia-builder-el-33  el_after_av_section  el_before_av_one_full  avia-bg-style-scroll container_wrap sidebar_right'  ><div class='container av-section-cont-open' ><div class='template-page content  av-content-small alpha units'><div class='post-entry post-entry-type-page post-entry-9999'><div class='entry-content-wrapper clearfix'>\n\n<style type=\"text\/css\" data-created_by=\"avia_inline_auto\" id=\"style-css-av-8o1pkv-a77428cc345dc3fe95d131f4684b9926\">\n.flex_column.av-8o1pkv-a77428cc345dc3fe95d131f4684b9926{\nborder-radius:0px 0px 0px 0px;\npadding:0px 0px 0px 0px;\n}\n<\/style>\n<div  class='flex_column av-8o1pkv-a77428cc345dc3fe95d131f4684b9926 av_two_fifth  avia-builder-el-34  el_before_av_three_fifth  avia-builder-el-first  first flex_column_div av-zero-column-padding  '     ><style type=\"text\/css\" data-created_by=\"avia_inline_auto\" id=\"style-css-av-72l5zj-2dc7289ac4820abab517375862cac244\">\n.avia-image-container.av-72l5zj-2dc7289ac4820abab517375862cac244 img.avia_image{\nbox-shadow:none;\n}\n.avia-image-container.av-72l5zj-2dc7289ac4820abab517375862cac244 .av-image-caption-overlay-center{\ncolor:#ffffff;\n}\n<\/style>\n<div  class='avia-image-container av-72l5zj-2dc7289ac4820abab517375862cac244 av-styling- avia-align-center  avia-builder-el-35  avia-builder-el-no-sibling '   itemprop=\"image\" itemscope=\"itemscope\" itemtype=\"https:\/\/schema.org\/ImageObject\" ><div class=\"avia-image-container-inner\"><div class=\"avia-image-overlay-wrap\"><img decoding=\"async\" fetchpriority=\"high\" class='wp-image-404 avia-img-lazy-loading-not-404 avia_image ' src=\"https:\/\/www.pfahlbauten.de\/wp-content\/uploads\/2020\/06\/Anreise_klein_02-300x221.jpg\" alt='' title='Anreise_klein_02'  height=\"221\" width=\"300\"  itemprop=\"thumbnailUrl\" srcset=\"https:\/\/www.pfahlbauten.de\/wp-content\/uploads\/2020\/06\/Anreise_klein_02-300x221.jpg 300w, https:\/\/www.pfahlbauten.de\/wp-content\/uploads\/2020\/06\/Anreise_klein_02.jpg 565w\" sizes=\"(max-width: 300px) 100vw, 300px\" \/><\/div><\/div><\/div><\/div>\n<style type=\"text\/css\" data-created_by=\"avia_inline_auto\" id=\"style-css-av-66i473-2095c0aa230d77fcce5c653cc4fd776d\">\n.flex_column.av-66i473-2095c0aa230d77fcce5c653cc4fd776d{\nborder-radius:0px 0px 0px 0px;\npadding:0px 0px 0px 0px;\n}\n<\/style>\n<div  class='flex_column av-66i473-2095c0aa230d77fcce5c653cc4fd776d av_three_fifth  avia-builder-el-36  el_after_av_two_fifth  avia-builder-el-last  flex_column_div av-zero-column-padding  '     ><section  class='av_textblock_section av-434n0f-ecd47ae6e3a6787500751f458347c6ce '   itemscope=\"itemscope\" itemtype=\"https:\/\/schema.org\/CreativeWork\" ><div class='avia_textblock'  itemprop=\"text\" ><h2>Votre Arriv\u00e9e<\/h2>\n<p>Que ce soit en train, en voiture ou en bateau, les sites palafittiques d&rsquo;Unteruhldingen sont toujours accessibles.<\/p>\n<p>Pour plus d&rsquo;informations, cliquez <a href=\"https:\/\/www.pfahlbauten.de\/fr\/votre-visite\/arrivee\/\"><strong>ici<\/strong><\/a>.<\/p>\n<\/div><\/section><\/div><\/div><\/div><\/div><!-- close content main div --><\/div><\/div><div id='after_section_2'  class='main_color av_default_container_wrap container_wrap sidebar_right'  ><div class='container av-section-cont-open' ><div class='template-page content  av-content-small alpha units'><div class='post-entry post-entry-type-page post-entry-9999'><div class='entry-content-wrapper clearfix'><div  class='flex_column av-2mza4v-6cfd5df8a7047bb5248feddae234092c av_one_full  avia-builder-el-38  el_after_av_section  avia-builder-el-no-sibling  first flex_column_div  '     ><\/div><\/p>\n","protected":false},"excerpt":{"rendered":"","protected":false},"author":4,"featured_media":0,"parent":9991,"menu_order":5,"comment_status":"closed","ping_status":"closed","template":"","meta":{"inline_featured_image":false,"footnotes":""},"class_list":["post-9999","page","type-page","status-publish","hentry"],"_links":{"self":[{"href":"https:\/\/www.pfahlbauten.de\/fr\/wp-json\/wp\/v2\/pages\/9999","targetHints":{"allow":["GET"]}}],"collection":[{"href":"https:\/\/www.pfahlbauten.de\/fr\/wp-json\/wp\/v2\/pages"}],"about":[{"href":"https:\/\/www.pfahlbauten.de\/fr\/wp-json\/wp\/v2\/types\/page"}],"author":[{"embeddable":true,"href":"https:\/\/www.pfahlbauten.de\/fr\/wp-json\/wp\/v2\/users\/4"}],"replies":[{"embeddable":true,"href":"https:\/\/www.pfahlbauten.de\/fr\/wp-json\/wp\/v2\/comments?post=9999"}],"version-history":[{"count":0,"href":"https:\/\/www.pfahlbauten.de\/fr\/wp-json\/wp\/v2\/pages\/9999\/revisions"}],"up":[{"embeddable":true,"href":"https:\/\/www.pfahlbauten.de\/fr\/wp-json\/wp\/v2\/pages\/9991"}],"wp:attachment":[{"href":"https:\/\/www.pfahlbauten.de\/fr\/wp-json\/wp\/v2\/media?parent=9999"}],"curies":[{"name":"wp","href":"https:\/\/api.w.org\/{rel}","templated":true}]}}