{"id":9979,"date":"2020-06-04T11:27:00","date_gmt":"2020-06-04T09:27:00","guid":{"rendered":"https:\/\/www.pfahlbauten.de\/?page_id=9979"},"modified":"2025-07-15T08:21:30","modified_gmt":"2025-07-15T06:21:30","slug":"services","status":"publish","type":"page","link":"https:\/\/www.pfahlbauten.de\/fr\/services\/","title":{"rendered":"Services"},"content":{"rendered":"<div id='full_slider_1'  class='avia-fullwidth-slider main_color avia-shadow   avia-builder-el-0  el_before_av_section  avia-builder-el-first   container_wrap sidebar_right'  ><div  class='avia-slideshow av-oecl17-fb12e77a56f7e0e93e0fe80ac366f9fb avia-slideshow-1536x1536 av_slideshow_full avia-slide-slider av-slideshow-ui av-control-minimal av-slideshow-manual av-loop-once av-loop-manual-endless av-default-height-applied   avia-slideshow-1' data-slideshow-options=\"{&quot;animation&quot;:&quot;slide&quot;,&quot;autoplay&quot;:false,&quot;loop_autoplay&quot;:&quot;once&quot;,&quot;interval&quot;:5,&quot;loop_manual&quot;:&quot;manual-endless&quot;,&quot;autoplay_stopper&quot;:false,&quot;noNavigation&quot;:false,&quot;bg_slider&quot;:false,&quot;keep_padding&quot;:false,&quot;hoverpause&quot;:false,&quot;show_slide_delay&quot;:0}\"  itemprop=\"image\" itemscope=\"itemscope\" itemtype=\"https:\/\/schema.org\/ImageObject\" ><ul class='avia-slideshow-inner ' style='padding-bottom: 32.2916666667%;'><li  class='avia-slideshow-slide av-oecl17-fb12e77a56f7e0e93e0fe80ac366f9fb__1  slide-1 slide-odd'><div data-rel='slideshow-1' class='avia-slide-wrap '   ><img decoding=\"async\" fetchpriority=\"high\" class=\"wp-image-1126 avia-img-lazy-loading-not-1126\"  src=\"https:\/\/www.pfahlbauten.de\/wp-content\/uploads\/2020\/06\/Services_oben-1536x496.jpg\" width=\"1536\" height=\"496\" title='Services_oben' alt=''  itemprop=\"thumbnailUrl\" srcset=\"https:\/\/www.pfahlbauten.de\/wp-content\/uploads\/2020\/06\/Services_oben-1536x496.jpg 1536w, https:\/\/www.pfahlbauten.de\/wp-content\/uploads\/2020\/06\/Services_oben-300x97.jpg 300w, https:\/\/www.pfahlbauten.de\/wp-content\/uploads\/2020\/06\/Services_oben-1030x333.jpg 1030w, https:\/\/www.pfahlbauten.de\/wp-content\/uploads\/2020\/06\/Services_oben-768x248.jpg 768w, https:\/\/www.pfahlbauten.de\/wp-content\/uploads\/2020\/06\/Services_oben-1500x484.jpg 1500w, https:\/\/www.pfahlbauten.de\/wp-content\/uploads\/2020\/06\/Services_oben-705x228.jpg 705w, https:\/\/www.pfahlbauten.de\/wp-content\/uploads\/2020\/06\/Services_oben.jpg 1920w\" sizes=\"(max-width: 1536px) 100vw, 1536px\" \/><\/div><\/li><\/ul><\/div><\/div>\n<div id='av_section_1'  class='avia-section av-jg2z2z-4c2fcacd83554ed1aeac82eb2e6655b1 main_color avia-section-default avia-no-border-styling  avia-builder-el-1  el_after_av_slideshow_full  el_before_av_section  avia-bg-style-scroll container_wrap sidebar_right'  ><div class='container av-section-cont-open' ><div class='template-page content  av-content-small alpha units'><div class='post-entry post-entry-type-page post-entry-9979'><div class='entry-content-wrapper clearfix'>\n\n<style type=\"text\/css\" data-created_by=\"avia_inline_auto\" id=\"style-css-av-h996l7-7c83345f4e3391f99a60092743f69f74\">\n#top .av_textblock_section.av-h996l7-7c83345f4e3391f99a60092743f69f74 .avia_textblock{\ncolor:#000000;\n}\n<\/style>\n<section  class='av_textblock_section av-h996l7-7c83345f4e3391f99a60092743f69f74 '   itemscope=\"itemscope\" itemtype=\"https:\/\/schema.org\/CreativeWork\" ><div class='avia_textblock av_inherit_color'  itemprop=\"text\" ><h1 style=\"text-align: center;\">Services<\/h1>\n<\/div><\/section>\n\n<\/div><\/div><\/div><!-- close content main div --><\/div><\/div>\n<style type=\"text\/css\" data-created_by=\"avia_inline_auto\" id=\"style-css-av-1mk71n-3dade60e618c83ab7b06cd780a8c6b6a\">\n.avia-section.av-1mk71n-3dade60e618c83ab7b06cd780a8c6b6a{\nbackground-color:#f4ebdc;\nbackground-image:unset;\n}\n<\/style>\n<div id='av_section_2'  class='avia-section av-1mk71n-3dade60e618c83ab7b06cd780a8c6b6a main_color avia-section-default avia-no-border-styling  avia-builder-el-3  el_after_av_section  el_before_av_section  avia-bg-style-scroll container_wrap sidebar_right'  ><div class='container av-section-cont-open' ><div class='template-page content  av-content-small alpha units'><div class='post-entry post-entry-type-page post-entry-9979'><div class='entry-content-wrapper clearfix'>\n\n<style type=\"text\/css\" data-created_by=\"avia_inline_auto\" id=\"style-css-av-mawbnn1r-39bef60c49298977aae387a64d717809\">\n#top .av_textblock_section.av-mawbnn1r-39bef60c49298977aae387a64d717809 .avia_textblock{\ncolor:#000000;\n}\n<\/style>\n<section  class='av_textblock_section av-mawbnn1r-39bef60c49298977aae387a64d717809 '   itemscope=\"itemscope\" itemtype=\"https:\/\/schema.org\/CreativeWork\" ><div class='avia_textblock av_inherit_color'  itemprop=\"text\" ><h1 style=\"text-align: center;\">Visites Guid\u00e9es en Anglais ou en Fran\u00e7ais<\/h1>\n<\/div><\/section>\n\n<style type=\"text\/css\" data-created_by=\"avia_inline_auto\" id=\"style-css-av-eecu3v-24a9be1302ab30f78b9644891b199d57\">\n.flex_column.av-eecu3v-24a9be1302ab30f78b9644891b199d57{\nborder-radius:0px 0px 0px 0px;\npadding:0px 0px 0px 0px;\n}\n<\/style>\n<div  class='flex_column av-eecu3v-24a9be1302ab30f78b9644891b199d57 av_three_fifth  avia-builder-el-5  el_after_av_textblock  el_before_av_two_fifth  first flex_column_div av-zero-column-padding  column-top-margin'     ><section  class='av_textblock_section av-mawboir9-3bb252305d0c5f29dc37fb46615af66c '   itemscope=\"itemscope\" itemtype=\"https:\/\/schema.org\/CreativeWork\" ><div class='avia_textblock'  itemprop=\"text\" ><p>Guided tours are available in English or French for\u00a0 groups of 15 to 35 people (<strong>adults<\/strong>: 20 to 35 people). <strong>A booking is required.<\/strong> For more information, please go <a href=\"https:\/\/www.pfahlbauten.de\/fr\/contact\/\"><strong>here<\/strong><\/a>.<\/p>\n<p>Des visites guid\u00e9es sont disponibles en Anglais ou en Fran\u00e7ais pour des groupes de 15 \u00e0 35 personnes (<strong>adultes<\/strong>: 20 \u00e0 35 personnes). <strong>Une r\u00e9servation est n\u00e9cessaire.<\/strong> Pour plus d\u2019informations, veuillez vous rendre <a href=\"https:\/\/www.pfahlbauten.de\/fr\/contact\/\"><strong>ici<\/strong><\/a>.<\/p>\n<\/div><\/section><\/div>\n<style type=\"text\/css\" data-created_by=\"avia_inline_auto\" id=\"style-css-av-c2kpuz-b80f3b0ec454f1182071e5cc2a397b85\">\n.flex_column.av-c2kpuz-b80f3b0ec454f1182071e5cc2a397b85{\nborder-radius:0px 0px 0px 0px;\npadding:0px 0px 0px 0px;\n}\n<\/style>\n<div  class='flex_column av-c2kpuz-b80f3b0ec454f1182071e5cc2a397b85 av_two_fifth  avia-builder-el-7  el_after_av_three_fifth  avia-builder-el-last  flex_column_div av-zero-column-padding  column-top-margin'     ><style type=\"text\/css\" data-created_by=\"avia_inline_auto\" id=\"style-css-av-ati7d7-c44a9b81ad9150426bcf685131d268bb\">\n.avia-image-container.av-ati7d7-c44a9b81ad9150426bcf685131d268bb img.avia_image{\nbox-shadow:none;\n}\n.avia-image-container.av-ati7d7-c44a9b81ad9150426bcf685131d268bb .av-image-caption-overlay-center{\ncolor:#ffffff;\n}\n<\/style>\n<div  class='avia-image-container av-ati7d7-c44a9b81ad9150426bcf685131d268bb av-styling- avia-align-center  avia-builder-el-8  avia-builder-el-no-sibling '   itemprop=\"image\" itemscope=\"itemscope\" itemtype=\"https:\/\/schema.org\/ImageObject\" ><div class=\"avia-image-container-inner\"><div class=\"avia-image-overlay-wrap\"><img decoding=\"async\" fetchpriority=\"high\" class='wp-image-7235 avia-img-lazy-loading-not-7235 avia_image ' src=\"https:\/\/www.pfahlbauten.de\/wp-content\/uploads\/2022\/03\/Gruppe_02.jpg\" alt='' title='Gruppe_02'  height=\"1367\" width=\"2058\"  itemprop=\"thumbnailUrl\" srcset=\"https:\/\/www.pfahlbauten.de\/wp-content\/uploads\/2022\/03\/Gruppe_02.jpg 2058w, https:\/\/www.pfahlbauten.de\/wp-content\/uploads\/2022\/03\/Gruppe_02-300x199.jpg 300w, https:\/\/www.pfahlbauten.de\/wp-content\/uploads\/2022\/03\/Gruppe_02-1030x684.jpg 1030w, https:\/\/www.pfahlbauten.de\/wp-content\/uploads\/2022\/03\/Gruppe_02-768x510.jpg 768w, https:\/\/www.pfahlbauten.de\/wp-content\/uploads\/2022\/03\/Gruppe_02-1536x1020.jpg 1536w, https:\/\/www.pfahlbauten.de\/wp-content\/uploads\/2022\/03\/Gruppe_02-2048x1360.jpg 2048w, https:\/\/www.pfahlbauten.de\/wp-content\/uploads\/2022\/03\/Gruppe_02-1500x996.jpg 1500w, https:\/\/www.pfahlbauten.de\/wp-content\/uploads\/2022\/03\/Gruppe_02-705x468.jpg 705w\" sizes=\"(max-width: 2058px) 100vw, 2058px\" \/><\/div><\/div><\/div><\/div>\n\n<\/div><\/div><\/div><!-- close content main div --><\/div><\/div>\n<style type=\"text\/css\" data-created_by=\"avia_inline_auto\" id=\"style-css-av-9bxu2j-062804617dbedde079c51560d68adfa1\">\n.avia-section.av-9bxu2j-062804617dbedde079c51560d68adfa1{\nbackground-color:#ffffff;\nbackground-image:unset;\n}\n<\/style>\n<div id='download'  class='avia-section av-9bxu2j-062804617dbedde079c51560d68adfa1 main_color avia-section-default avia-no-border-styling  avia-builder-el-9  el_after_av_section  el_before_av_section  avia-bg-style-scroll container_wrap sidebar_right'  ><div class='container av-section-cont-open' ><div class='template-page content  av-content-small alpha units'><div class='post-entry post-entry-type-page post-entry-9979'><div class='entry-content-wrapper clearfix'>\n\n<style type=\"text\/css\" data-created_by=\"avia_inline_auto\" id=\"style-css-av-80unu3-4c5e7a98e164639cfd1489a4dad4315d\">\n#top .av_textblock_section.av-80unu3-4c5e7a98e164639cfd1489a4dad4315d .avia_textblock{\ncolor:#000000;\n}\n<\/style>\n<section  class='av_textblock_section av-80unu3-4c5e7a98e164639cfd1489a4dad4315d '   itemscope=\"itemscope\" itemtype=\"https:\/\/schema.org\/CreativeWork\" ><div class='avia_textblock av_inherit_color'  itemprop=\"text\" ><h1 style=\"text-align: center;\">Download<\/h1>\n<\/div><\/section>\n<section  class='av_textblock_section av-mawbp8yc-b192c8cc3eda6ed08545ce369b6ebb4b '   itemscope=\"itemscope\" itemtype=\"https:\/\/schema.org\/CreativeWork\" ><div class='avia_textblock'  itemprop=\"text\" ><h3 style=\"text-align: left;\"><b>Informations aux Visiteurs<\/b><\/h3>\n<hr \/>\n<p style=\"text-align: left;\"><strong><a href=\"https:\/\/www.pfahlbauten.de\/wp-content\/uploads\/2025\/07\/PM_Prosp_DL_2025_EN_V02.pdf\" target=\"_blank\" rel=\"noopener\">Flyer English<\/a><br \/>\n<a href=\"https:\/\/www.pfahlbauten.de\/wp-content\/uploads\/2025\/07\/PM_Prosp_DL_2025_FR_V02.pdf\" target=\"_blank\" rel=\"noopener\">Flyer Fran\u00e7ais<\/a><br \/>\n<a href=\"https:\/\/www.pfahlbauten.de\/wp-content\/uploads\/2020\/06\/FremdsprachlicherFlyer_I.pdf\" target=\"_blank\" rel=\"noopener\">Flyer Italiano<\/a><br \/>\n<a href=\"https:\/\/www.pfahlbauten.de\/wp-content\/uploads\/2020\/06\/FremdsprachlicherFlyer_ES.pdf\" target=\"_blank\" rel=\"noopener\">Flyer Espa\u00f1ol<\/a><br \/>\n<a href=\"https:\/\/www.pfahlbauten.de\/wp-content\/uploads\/2020\/06\/FremdsprachlicherFlyer_NL.pdf\" target=\"_blank\" rel=\"noopener\">Flyer Nederlands<\/a><br \/>\n<a href=\"https:\/\/www.pfahlbauten.de\/wp-content\/uploads\/2020\/06\/FremdsprachlicherFlyer_POL.pdf\" target=\"_blank\" rel=\"noopener\">Flyer Polski<\/a><br \/>\n<a href=\"https:\/\/www.pfahlbauten.de\/wp-content\/uploads\/2020\/06\/FremdsprachlicherFlyer_RUS.pdf\" target=\"_blank\" rel=\"noopener\">Flyer \u0420\u0443\u0441\u0441\u043a\u0438\u0439<\/a><br \/>\n<a href=\"https:\/\/www.pfahlbauten.de\/wp-content\/uploads\/2020\/06\/FremdsprachlicherFlyer_S.pdf\" target=\"_blank\" rel=\"noopener\">Flyer Svenska<\/a><br \/>\n<a href=\"https:\/\/www.pfahlbauten.de\/wp-content\/uploads\/2020\/06\/FremdsprachlicherFlyer_TR.pdf\" target=\"_blank\" rel=\"noopener\">Flyer T\u00fcrk\u00e7e<\/a><br \/>\n<a href=\"https:\/\/www.pfahlbauten.de\/wp-content\/uploads\/2020\/06\/FremdsprachlicherFlyer_CN.pdf\" target=\"_blank\" rel=\"noopener\">Flyer \u4e2d\u56fd\u4eba<\/a><\/strong><\/p>\n<\/div><\/section>\n<\/div><\/div><\/div><!-- close content main div --><\/div><\/div>\n<style type=\"text\/css\" data-created_by=\"avia_inline_auto\" id=\"style-css-av-j4vd7-b5fae7ade632eb02d1278c97361d6920\">\n.avia-section.av-j4vd7-b5fae7ade632eb02d1278c97361d6920{\nbackground-color:#f4ebdc;\nbackground-image:unset;\n}\n<\/style>\n<div id='av_section_4'  class='avia-section av-j4vd7-b5fae7ade632eb02d1278c97361d6920 main_color avia-section-default avia-no-border-styling  avia-builder-el-12  el_after_av_section  avia-builder-el-last  avia-bg-style-scroll container_wrap sidebar_right'  ><div class='container av-section-cont-open' ><div class='template-page content  av-content-small alpha units'><div class='post-entry post-entry-type-page post-entry-9979'><div class='entry-content-wrapper clearfix'>\n\n<style type=\"text\/css\" data-created_by=\"avia_inline_auto\" id=\"style-css-av-mawbptoe-06709f229f94320ea694a1584f62e6cd\">\n#top .av_textblock_section.av-mawbptoe-06709f229f94320ea694a1584f62e6cd .avia_textblock{\ncolor:#000000;\n}\n<\/style>\n<section  class='av_textblock_section av-mawbptoe-06709f229f94320ea694a1584f62e6cd '   itemscope=\"itemscope\" itemtype=\"https:\/\/schema.org\/CreativeWork\" ><div class='avia_textblock av_inherit_color'  itemprop=\"text\" ><h1 style=\"text-align: center;\">Prendre des Photos et des Vid\u00e9os \u00e0 l&rsquo;Int\u00e9rieur du Mus\u00e9e<\/h1>\n<\/div><\/section>\n\n<style type=\"text\/css\" data-created_by=\"avia_inline_auto\" id=\"style-css-av-4laknv-e0c914688fdfd79fee3fd292af91f108\">\n.flex_column.av-4laknv-e0c914688fdfd79fee3fd292af91f108{\nborder-radius:0px 0px 0px 0px;\npadding:0px 0px 0px 0px;\n}\n<\/style>\n<div  class='flex_column av-4laknv-e0c914688fdfd79fee3fd292af91f108 av_one_half  avia-builder-el-14  el_after_av_textblock  el_before_av_one_half  first flex_column_div av-zero-column-padding  column-top-margin'     ><section  class='av_textblock_section av-mawbqfpn-5a186dec4d2b52bd3ebd72fbc2bc9d93 '   itemscope=\"itemscope\" itemtype=\"https:\/\/schema.org\/CreativeWork\" ><div class='avia_textblock'  itemprop=\"text\" ><p>Les photographies prises dans l&rsquo;enceinte du mus\u00e9e sont soumises aux droits d&rsquo;auteur de l&rsquo;Association pour les sites palafittiques et l&rsquo;histoire r\u00e9gionale, sponsor des sites palafittiques d&rsquo;Unteruhldingen. Toute utilisation commerciale des images n\u00e9cessite l&rsquo;autorisation du mus\u00e9e. Le traitement de votre demande peut prendre de 2 \u00e0 3 jours. Pour plus d&rsquo;informations, veuillez nous contacter.<\/p>\n<p><a href=\"https:\/\/www.pfahlbauten.de\/fr\/contact\/\"><strong>&gt; Contact<\/strong><\/a><\/p>\n<\/div><\/section><\/div>\n<style type=\"text\/css\" data-created_by=\"avia_inline_auto\" id=\"style-css-av-2ai8zv-a818211ec21cd65cbf4b253f7459cdf9\">\n.flex_column.av-2ai8zv-a818211ec21cd65cbf4b253f7459cdf9{\nborder-radius:0px 0px 0px 0px;\npadding:0px 0px 0px 0px;\n}\n<\/style>\n<div  class='flex_column av-2ai8zv-a818211ec21cd65cbf4b253f7459cdf9 av_one_half  avia-builder-el-16  el_after_av_one_half  avia-builder-el-last  flex_column_div av-zero-column-padding  column-top-margin'     ><section  class='av_textblock_section av-mawbq585-f24f9ce6fa9919b899135e8981a5d508 '   itemscope=\"itemscope\" itemtype=\"https:\/\/schema.org\/CreativeWork\" ><div class='avia_textblock'  itemprop=\"text\" ><p>Le mus\u00e9e est toujours ravi de recevoir de belles photos.<\/p>\n<p>Lorsque des agences photographiques ou des agences de photographie utilisent ces photos \u00e0 des fins publicitaires, l&rsquo;autorisation de la direction du mus\u00e9e a \u00e9t\u00e9 obtenue aupr\u00e8s du commanditaire. Ceci s&rsquo;applique \u00e9galement aux enregistrements vid\u00e9o et par drone. La protection de la nature doit \u00e9galement \u00eatre prise en compte.<\/p>\n<\/div><\/section><\/div>\n<\/div><\/div><\/div><!-- close content main div --><\/div><\/div><div id='after_section_4'  class='main_color av_default_container_wrap container_wrap sidebar_right'  ><div class='container av-section-cont-open' ><div class='template-page content  av-content-small alpha units'><div class='post-entry post-entry-type-page post-entry-9979'><div class='entry-content-wrapper clearfix'><\/p>\n","protected":false},"excerpt":{"rendered":"","protected":false},"author":4,"featured_media":0,"parent":0,"menu_order":0,"comment_status":"closed","ping_status":"closed","template":"","meta":{"inline_featured_image":false,"footnotes":""},"class_list":["post-9979","page","type-page","status-publish","hentry"],"_links":{"self":[{"href":"https:\/\/www.pfahlbauten.de\/fr\/wp-json\/wp\/v2\/pages\/9979","targetHints":{"allow":["GET"]}}],"collection":[{"href":"https:\/\/www.pfahlbauten.de\/fr\/wp-json\/wp\/v2\/pages"}],"about":[{"href":"https:\/\/www.pfahlbauten.de\/fr\/wp-json\/wp\/v2\/types\/page"}],"author":[{"embeddable":true,"href":"https:\/\/www.pfahlbauten.de\/fr\/wp-json\/wp\/v2\/users\/4"}],"replies":[{"embeddable":true,"href":"https:\/\/www.pfahlbauten.de\/fr\/wp-json\/wp\/v2\/comments?post=9979"}],"version-history":[{"count":0,"href":"https:\/\/www.pfahlbauten.de\/fr\/wp-json\/wp\/v2\/pages\/9979\/revisions"}],"wp:attachment":[{"href":"https:\/\/www.pfahlbauten.de\/fr\/wp-json\/wp\/v2\/media?parent=9979"}],"curies":[{"name":"wp","href":"https:\/\/api.w.org\/{rel}","templated":true}]}}