{"id":9962,"date":"2020-06-03T08:46:49","date_gmt":"2020-06-03T06:46:49","guid":{"rendered":"https:\/\/www.pfahlbauten.de\/impressum-2\/"},"modified":"2025-05-21T09:16:20","modified_gmt":"2025-05-21T07:16:20","slug":"mentions-legales","status":"publish","type":"page","link":"https:\/\/www.pfahlbauten.de\/fr\/mentions-legales\/","title":{"rendered":"Mentions L\u00e9gales"},"content":{"rendered":"<div id='full_slider_1'  class='avia-fullwidth-slider main_color avia-shadow   avia-builder-el-0  el_before_av_section  avia-builder-el-first   container_wrap sidebar_right'  ><div  class='avia-slideshow av-av_slideshow_full-f8bbf2483765057312628d9ad89a3fe0 avia-slideshow-1536x1536 av_slideshow_full avia-slide-slider av-slideshow-ui av-control-minimal av-slideshow-manual av-loop-once av-loop-manual-endless av-default-height-applied   avia-slideshow-1' data-slideshow-options=\"{&quot;animation&quot;:&quot;slide&quot;,&quot;autoplay&quot;:false,&quot;loop_autoplay&quot;:&quot;once&quot;,&quot;interval&quot;:5,&quot;loop_manual&quot;:&quot;manual-endless&quot;,&quot;autoplay_stopper&quot;:false,&quot;noNavigation&quot;:false,&quot;bg_slider&quot;:false,&quot;keep_padding&quot;:false,&quot;hoverpause&quot;:false,&quot;show_slide_delay&quot;:0}\"  itemprop=\"image\" itemscope=\"itemscope\" itemtype=\"https:\/\/schema.org\/ImageObject\" ><ul class='avia-slideshow-inner ' style='padding-bottom: 32.2916666667%;'><li  class='avia-slideshow-slide av-av_slideshow_full-f8bbf2483765057312628d9ad89a3fe0__1  slide-1 slide-odd'><div data-rel='slideshow-1' class='avia-slide-wrap '   ><img decoding=\"async\" fetchpriority=\"high\" class=\"wp-image-694 avia-img-lazy-loading-not-694\"  src=\"https:\/\/www.pfahlbauten.de\/wp-content\/uploads\/2020\/06\/Impressum_oben3-1536x496.jpg\" width=\"1536\" height=\"496\" title='Impressum_oben3' alt='Brotstempel'  itemprop=\"thumbnailUrl\" srcset=\"https:\/\/www.pfahlbauten.de\/wp-content\/uploads\/2020\/06\/Impressum_oben3-1536x496.jpg 1536w, https:\/\/www.pfahlbauten.de\/wp-content\/uploads\/2020\/06\/Impressum_oben3-300x97.jpg 300w, https:\/\/www.pfahlbauten.de\/wp-content\/uploads\/2020\/06\/Impressum_oben3-1030x333.jpg 1030w, https:\/\/www.pfahlbauten.de\/wp-content\/uploads\/2020\/06\/Impressum_oben3-768x248.jpg 768w, https:\/\/www.pfahlbauten.de\/wp-content\/uploads\/2020\/06\/Impressum_oben3-1500x484.jpg 1500w, https:\/\/www.pfahlbauten.de\/wp-content\/uploads\/2020\/06\/Impressum_oben3-705x228.jpg 705w, https:\/\/www.pfahlbauten.de\/wp-content\/uploads\/2020\/06\/Impressum_oben3.jpg 1920w\" sizes=\"(max-width: 1536px) 100vw, 1536px\" \/><\/div><\/li><\/ul><\/div><\/div>\n\n<style type=\"text\/css\" data-created_by=\"avia_inline_auto\" id=\"style-css-av-av_section-57c6c6d416a0f6d09d6c2c1896357888\">\n.avia-section.av-av_section-57c6c6d416a0f6d09d6c2c1896357888{\nbackground-color:#ffffff;\nbackground-image:unset;\nmargin-top:0;\nmargin-bottom:20px;\n}\n<\/style>\n<div id='av_section_1'  class='avia-section av-av_section-57c6c6d416a0f6d09d6c2c1896357888 main_color avia-section-default avia-no-border-styling  avia-builder-el-1  el_after_av_slideshow_full  avia-builder-el-last  avia-bg-style-scroll av-minimum-height av-minimum-height-25 av-height-25  container_wrap sidebar_right'   data-av_minimum_height_pc='25' data-av_min_height_opt='25'><div class='container av-section-cont-open' ><div class='template-page content  av-content-small alpha units'><div class='post-entry post-entry-type-page post-entry-9962'><div class='entry-content-wrapper clearfix'>\n<div  class='flex_column av-av_one_full-41ee899840124b6993b57a87f996c353 av_one_full  avia-builder-el-2  el_before_av_one_full  avia-builder-el-first  first flex_column_div  '     ><section  class='av_textblock_section av-maw70vle-183381535a8b68d6dd8f9f88730f03c6 '   itemscope=\"itemscope\" itemtype=\"https:\/\/schema.org\/CreativeWork\" ><div class='avia_textblock'  itemprop=\"text\" ><h1 style=\"text-align: center;\">Mentions L\u00e9gales<\/h1>\n<\/div><\/section><\/div>\n<style type=\"text\/css\" data-created_by=\"avia_inline_auto\" id=\"style-css-av-av_one_full-43639eb3b16efaf187ad06602748df50\">\n#top .flex_column.av-av_one_full-43639eb3b16efaf187ad06602748df50{\nmargin-top:0px;\nmargin-bottom:0px;\n}\n.flex_column.av-av_one_full-43639eb3b16efaf187ad06602748df50{\nborder-radius:0px 0px 0px 0px;\npadding:0px 0px 0px 0px;\n}\n.responsive #top #wrap_all .flex_column.av-av_one_full-43639eb3b16efaf187ad06602748df50{\nmargin-top:0px;\nmargin-bottom:0px;\n}\n<\/style>\n<div  class='flex_column av-av_one_full-43639eb3b16efaf187ad06602748df50 av_one_full  avia-builder-el-4  el_after_av_one_full  avia-builder-el-last  first flex_column_div av-zero-column-padding  column-top-margin'     ><section  class='av_textblock_section av-maw76t9w-7746f76bec04c3cdf3f9860f2191bc26 '   itemscope=\"itemscope\" itemtype=\"https:\/\/schema.org\/CreativeWork\" ><div class='avia_textblock'  itemprop=\"text\" ><p><strong>Contact<\/strong><\/p>\n<p>Pfahlbaumuseum<br \/>\nFreilichtmuseum und Forschungsinstitut<\/p>\n<p>Strandpromenade 6<br \/>\n88690 Uhldingen-M\u00fchlhofen<br \/>\nAllemagne<\/p>\n<p>Phone +49 7556 92890-0<br \/>\nFax +49 7556 92890-10<br \/>\nEmail mail@pfahlbauten.de<\/p>\n<p><strong>Responsable<\/strong><\/p>\n<p>Directeur et directeur g\u00e9n\u00e9ral du mus\u00e9e:<br \/>\nProf. Dr. Gunter Sch\u00f6bel<\/p>\n<p>Verein f\u00fcr Pfahlbau- und Heimatkunde e.V.: (Association pour l&rsquo;arch\u00e9ologie sur pilotis et l&rsquo;histoire r\u00e9gionale)<br \/>\n1er Pr\u00e9sident:<br \/>\nJens Lorenz<\/p>\n<p>Verein f\u00fcr Pfahlbau- und Heimatkunde e.V. (Association pour l&rsquo;Arch\u00e9ologie Palestinienne et l&rsquo;Histoire R\u00e9gionale),<br \/>\nPfahlbaumuseum Unteruhldingen Bodensee (Mus\u00e9e des habitations sur pilotis d&rsquo;Unteruhldingen, lac de Constance)<br \/>\nEnregistr\u00e9: Bade-Wurtemberg Amtsgericht Freiburg VR 580094<\/p>\n<p><strong>R\u00e9solution des Litiges<\/strong><\/p>\n<p>La Commission europ\u00e9enne propose une plateforme de r\u00e9solution des litiges en ligne (RLL):<br \/>\nwww.ec.europa.eu\/consumers\/odr.<br \/>\nNous ne sommes ni dispos\u00e9s ni oblig\u00e9s de participer \u00e0 une proc\u00e9dure de r\u00e8glement des litiges devant un conseil d&rsquo;arbitrage des consommateurs.<\/p>\n<p><strong>Responsabilit\u00e9 du Contenu<\/strong><\/p>\n<p>En tant que prestataire de services, nous sommes responsables du contenu de ces pages, conform\u00e9ment \u00e0 l&rsquo;article 7 (1) de la loi allemande sur les t\u00e9l\u00e9m\u00e9dias (TMG) et aux lois g\u00e9n\u00e9rales. Conform\u00e9ment aux articles 8 \u00e0 10 de la TMG, nous ne sommes toutefois pas tenus, en tant que prestataire de services, de surveiller les informations tierces transmises ou stock\u00e9es, ni d&rsquo;enqu\u00eater sur les circonstances indiquant une activit\u00e9 ill\u00e9gale\u00a0; nos obligations de suppression ou de blocage de l&rsquo;utilisation des informations conform\u00e9ment aux lois g\u00e9n\u00e9rales restent inchang\u00e9es. Toutefois, notre responsabilit\u00e9 \u00e0 cet \u00e9gard n&rsquo;est engag\u00e9e qu&rsquo;\u00e0 compter de la connaissance d&rsquo;une infraction sp\u00e9cifique. D\u00e8s que nous aurons connaissance de telles infractions, nous supprimerons imm\u00e9diatement le contenu concern\u00e9.<\/p>\n<p><strong>Responsabilit\u00e9 Relative aux Liens<\/strong><\/p>\n<p>Notre site web contient des liens vers des sites web tiers externes sur le contenu desquels nous n&rsquo;avons aucune influence. Par cons\u00e9quent, nous d\u00e9clinons toute responsabilit\u00e9 quant \u00e0 ces contenus tiers. Le fournisseur ou l&rsquo;exploitant des pages concern\u00e9es est toujours responsable du contenu des pages li\u00e9es. Les pages li\u00e9es ont \u00e9t\u00e9 v\u00e9rifi\u00e9es au moment de la cr\u00e9ation du lien afin de d\u00e9tecter d&rsquo;\u00e9ventuelles violations de la loi. Aucun contenu ill\u00e9gal n&rsquo;\u00e9tait identifiable au moment de la cr\u00e9ation du lien.<\/p>\n<p>Toutefois, un contr\u00f4le permanent du contenu des pages li\u00e9es n&rsquo;est pas raisonnable sans preuve concr\u00e8te d&rsquo;infraction. Si nous avons connaissance d&rsquo;une quelconque infraction, nous supprimerons imm\u00e9diatement ces liens.<\/p>\n<p><strong>Droits d&rsquo;Auteur<\/strong><\/p>\n<p>Le contenu et les \u0153uvres cr\u00e9\u00e9s par les exploitants du site sur ces pages sont soumis \u00e0 la l\u00e9gislation allemande sur le droit d&rsquo;auteur. La reproduction, le traitement, la distribution et toute forme de commercialisation de ces \u00e9l\u00e9ments au-del\u00e0 du champ d&rsquo;application de la l\u00e9gislation sur le droit d&rsquo;auteur n\u00e9cessitent l&rsquo;autorisation \u00e9crite pr\u00e9alable de leur auteur ou cr\u00e9ateur respectif. Les t\u00e9l\u00e9chargements et copies de ce site sont uniquement autoris\u00e9s pour un usage priv\u00e9 et non commercial.<\/p>\n<p>Dans la mesure o\u00f9 le contenu de ce site n&rsquo;a pas \u00e9t\u00e9 cr\u00e9\u00e9 par l&rsquo;exploitant, les droits d&rsquo;auteur des tiers sont respect\u00e9s. En particulier, les contenus tiers sont identifi\u00e9s comme tels. Si vous constatez n\u00e9anmoins une violation du droit d&rsquo;auteur, veuillez nous en informer. Si nous avons connaissance d&rsquo;une telle violation, nous supprimerons imm\u00e9diatement ce contenu.<\/p>\n<p>\u00a9 Photographie: Archiv Pfahlbaumuseum (Archives du Mus\u00e9e des habitations sur pilotis)<br \/>\nTexte: Prof. Dr. Gunter Sch\u00f6bel<\/p>\n<p><strong>Protection des Marques<\/strong><\/p>\n<p>La marque \u00ab Pfahlbauten \u00bb est enregistr\u00e9e sous le num\u00e9ro d&rsquo;enregistrement 303 55 957.8\/41 aupr\u00e8s du Deutsches Patent- und Markenamt (DPMA) (Office allemand des brevets et des marques). Les marques \u00ab Pfahlbau Museum \u00bb, \u00ab Verein f\u00fcr Pfahlbau- und Heimatkunde e.V. \u00bb et \u00ab Uhldi \u00bb sont \u00e9galement prot\u00e9g\u00e9s.<\/p>\n<\/div><\/section><\/div><\/div><\/div><\/div><!-- close content main div --><\/div><\/div><div id='after_section_1'  class='main_color av_default_container_wrap container_wrap sidebar_right'  ><div class='container av-section-cont-open' ><div class='template-page content  av-content-small alpha units'><div class='post-entry post-entry-type-page post-entry-9962'><div class='entry-content-wrapper clearfix'>\n","protected":false},"excerpt":{"rendered":"","protected":false},"author":3,"featured_media":0,"parent":0,"menu_order":0,"comment_status":"closed","ping_status":"closed","template":"","meta":{"inline_featured_image":false,"footnotes":""},"class_list":["post-9962","page","type-page","status-publish","hentry"],"_links":{"self":[{"href":"https:\/\/www.pfahlbauten.de\/fr\/wp-json\/wp\/v2\/pages\/9962","targetHints":{"allow":["GET"]}}],"collection":[{"href":"https:\/\/www.pfahlbauten.de\/fr\/wp-json\/wp\/v2\/pages"}],"about":[{"href":"https:\/\/www.pfahlbauten.de\/fr\/wp-json\/wp\/v2\/types\/page"}],"author":[{"embeddable":true,"href":"https:\/\/www.pfahlbauten.de\/fr\/wp-json\/wp\/v2\/users\/3"}],"replies":[{"embeddable":true,"href":"https:\/\/www.pfahlbauten.de\/fr\/wp-json\/wp\/v2\/comments?post=9962"}],"version-history":[{"count":0,"href":"https:\/\/www.pfahlbauten.de\/fr\/wp-json\/wp\/v2\/pages\/9962\/revisions"}],"wp:attachment":[{"href":"https:\/\/www.pfahlbauten.de\/fr\/wp-json\/wp\/v2\/media?parent=9962"}],"curies":[{"name":"wp","href":"https:\/\/api.w.org\/{rel}","templated":true}]}}