{"id":9947,"date":"2020-06-05T09:01:48","date_gmt":"2020-06-05T07:01:48","guid":{"rendered":"https:\/\/www.pfahlbauten.de\/?page_id=9947"},"modified":"2025-05-27T13:29:02","modified_gmt":"2025-05-27T11:29:02","slug":"contact","status":"publish","type":"page","link":"https:\/\/www.pfahlbauten.de\/fr\/contact\/","title":{"rendered":"Contact"},"content":{"rendered":"<div id='full_slider_1'  class='avia-fullwidth-slider main_color avia-shadow   avia-builder-el-0  el_before_av_section  avia-builder-el-first   container_wrap sidebar_right'  ><div  class='avia-slideshow av-1687skr-df815909f5972964e712a449a9fe769d avia-slideshow-1536x1536 av_slideshow_full avia-slide-slider av-slideshow-ui av-control-minimal av-slideshow-manual av-loop-once av-loop-manual-endless av-default-height-applied   avia-slideshow-1' data-slideshow-options=\"{&quot;animation&quot;:&quot;slide&quot;,&quot;autoplay&quot;:false,&quot;loop_autoplay&quot;:&quot;once&quot;,&quot;interval&quot;:5,&quot;loop_manual&quot;:&quot;manual-endless&quot;,&quot;autoplay_stopper&quot;:false,&quot;noNavigation&quot;:false,&quot;bg_slider&quot;:false,&quot;keep_padding&quot;:false,&quot;hoverpause&quot;:false,&quot;show_slide_delay&quot;:0}\"  itemprop=\"image\" itemscope=\"itemscope\" itemtype=\"https:\/\/schema.org\/ImageObject\" ><ul class='avia-slideshow-inner ' style='padding-bottom: 32.2916666667%;'><li  class='avia-slideshow-slide av-1687skr-df815909f5972964e712a449a9fe769d__0  av-single-slide slide-1 slide-odd'><div data-rel='slideshow-1' class='avia-slide-wrap '   ><img decoding=\"async\" fetchpriority=\"high\" class=\"wp-image-1126 avia-img-lazy-loading-not-1126\"  src=\"https:\/\/www.pfahlbauten.de\/wp-content\/uploads\/2020\/06\/Services_oben-1536x496.jpg\" width=\"1536\" height=\"496\" title='Services_oben' alt=''  itemprop=\"thumbnailUrl\" srcset=\"https:\/\/www.pfahlbauten.de\/wp-content\/uploads\/2020\/06\/Services_oben-1536x496.jpg 1536w, https:\/\/www.pfahlbauten.de\/wp-content\/uploads\/2020\/06\/Services_oben-300x97.jpg 300w, https:\/\/www.pfahlbauten.de\/wp-content\/uploads\/2020\/06\/Services_oben-1030x333.jpg 1030w, https:\/\/www.pfahlbauten.de\/wp-content\/uploads\/2020\/06\/Services_oben-768x248.jpg 768w, https:\/\/www.pfahlbauten.de\/wp-content\/uploads\/2020\/06\/Services_oben-1500x484.jpg 1500w, https:\/\/www.pfahlbauten.de\/wp-content\/uploads\/2020\/06\/Services_oben-705x228.jpg 705w, https:\/\/www.pfahlbauten.de\/wp-content\/uploads\/2020\/06\/Services_oben.jpg 1920w\" sizes=\"(max-width: 1536px) 100vw, 1536px\" \/><\/div><\/li><\/ul><\/div><\/div>\n<div id='av_section_1'  class='avia-section av-13lynsr-f019e32cbb2b7e2ee291a9abc0680778 main_color avia-section-default avia-no-border-styling  avia-builder-el-1  el_after_av_slideshow_full  el_before_av_section  avia-bg-style-scroll container_wrap sidebar_right'  ><div class='container av-section-cont-open' ><div class='template-page content  av-content-small alpha units'><div class='post-entry post-entry-type-page post-entry-9947'><div class='entry-content-wrapper clearfix'>\n<div  class='flex_column av-11i7gsb-2db07dcb1fcffa20b285b1e23aca6ece av_one_full  avia-builder-el-2  el_before_av_one_third  avia-builder-el-first  first flex_column_div  '     ><section  class='av_textblock_section av-1086vfv-f0874142780c579af638dd800708276d '   itemscope=\"itemscope\" itemtype=\"https:\/\/schema.org\/CreativeWork\" ><div class='avia_textblock'  itemprop=\"text\" ><h1 style=\"text-align: center;\">Contact<\/h1>\n<\/div><\/section><\/div>\n<style type=\"text\/css\" data-created_by=\"avia_inline_auto\" id=\"style-css-av-xkd5mj-0cc7e845ad1811fba7ffbdb4bfb35dd8\">\n.flex_column.av-xkd5mj-0cc7e845ad1811fba7ffbdb4bfb35dd8{\nborder-radius:0px 0px 0px 0px;\npadding:0px 0px 0px 0px;\n}\n<\/style>\n<div  class='flex_column av-xkd5mj-0cc7e845ad1811fba7ffbdb4bfb35dd8 av_one_third  avia-builder-el-4  el_after_av_one_full  el_before_av_one_third  first flex_column_div av-zero-column-padding  column-top-margin'     ><section  class='av_textblock_section av-wufiij-aeb2671b5e9c11578018f547ed9807d3 '   itemscope=\"itemscope\" itemtype=\"https:\/\/schema.org\/CreativeWork\" ><div class='avia_textblock'  itemprop=\"text\" ><p>Pfahlbauten<br \/>\nFreilichtmuseum<br \/>\nund Forschungsinstitut<\/p>\n<\/div><\/section><\/div>\n<style type=\"text\/css\" data-created_by=\"avia_inline_auto\" id=\"style-css-av-ur1lwb-083166b53899fab07b7529eff9c354ef\">\n.flex_column.av-ur1lwb-083166b53899fab07b7529eff9c354ef{\nborder-radius:0px 0px 0px 0px;\npadding:0px 0px 0px 0px;\n}\n<\/style>\n<div  class='flex_column av-ur1lwb-083166b53899fab07b7529eff9c354ef av_one_third  avia-builder-el-6  el_after_av_one_third  el_before_av_one_third  flex_column_div av-zero-column-padding  column-top-margin'     ><section  class='av_textblock_section av-t32m4r-5d22ba7ade5b8edde72a2dfd3b653b1c '   itemscope=\"itemscope\" itemtype=\"https:\/\/schema.org\/CreativeWork\" ><div class='avia_textblock'  itemprop=\"text\" ><p>Strandpromenade 6<br \/>\n88690 Uhldingen-M\u00fchlhofen<br \/>\nAllemagne<\/p>\n<\/div><\/section><\/div>\n<style type=\"text\/css\" data-created_by=\"avia_inline_auto\" id=\"style-css-av-qmk3mj-663424738169860c8a7f6b242e780e19\">\n.flex_column.av-qmk3mj-663424738169860c8a7f6b242e780e19{\nborder-radius:0px 0px 0px 0px;\npadding:0px 0px 0px 0px;\n}\n<\/style>\n<div  class='flex_column av-qmk3mj-663424738169860c8a7f6b242e780e19 av_one_third  avia-builder-el-8  el_after_av_one_third  avia-builder-el-last  flex_column_div av-zero-column-padding  column-top-margin'     ><section  class='av_textblock_section av-p5qqjv-a440b20b2c6621f954cc6b53fd2bdc31 '   itemscope=\"itemscope\" itemtype=\"https:\/\/schema.org\/CreativeWork\" ><div class='avia_textblock'  itemprop=\"text\" ><p>Phone\u00a0 \u00a0<a href=\"tel:\/\/+497556928900\">+49 7556 92890-0<\/a><br \/>\nFax\u00a0 \u00a0 \u00a0 \u00a0 +49 7556 92890-10<br \/>\nEmail\u00a0 \u00a0 <a href=\"mailto:mail@pfahlbauten.de\">mail@pfahlbauten.de<\/a><\/p>\n<\/div><\/section><\/div><\/div><\/div><\/div><!-- close content main div --><\/div><\/div>\n<style type=\"text\/css\" data-created_by=\"avia_inline_auto\" id=\"style-css-av-npby63-ea01fa83d64694b0c9cc73f925356837\">\n.avia-section.av-npby63-ea01fa83d64694b0c9cc73f925356837{\nbackground-color:#f4ebdc;\nbackground-image:unset;\n}\n<\/style>\n<div id='av_section_2'  class='avia-section av-npby63-ea01fa83d64694b0c9cc73f925356837 main_color avia-section-default avia-no-border-styling  avia-builder-el-10  el_after_av_section  avia-builder-el-last  avia-bg-style-scroll container_wrap sidebar_right'  ><div class='container av-section-cont-open' ><div class='template-page content  av-content-small alpha units'><div class='post-entry post-entry-type-page post-entry-9947'><div class='entry-content-wrapper clearfix'>\n\n<style type=\"text\/css\" data-created_by=\"avia_inline_auto\" id=\"style-css-av-lu43yz-8c8efe182766e2a5e3c36eaad01e858d\">\n#top .av_textblock_section.av-lu43yz-8c8efe182766e2a5e3c36eaad01e858d .avia_textblock{\ncolor:#000000;\n}\n<\/style>\n<section  class='av_textblock_section av-lu43yz-8c8efe182766e2a5e3c36eaad01e858d '   itemscope=\"itemscope\" itemtype=\"https:\/\/schema.org\/CreativeWork\" ><div class='avia_textblock av_inherit_color'  itemprop=\"text\" ><h1 style=\"text-align: center;\">Formulaire de Contact<\/h1>\n<\/div><\/section>\n<form action=\"https:\/\/www.pfahlbauten.de\/fr\/contact\/\" method=\"post\" data-fields-with-error=\"Erreurs trouv\u00e9es dans les champs suivants :\" class=\"avia_ajax_form av-form-labels-hidden   avia-builder-el-12  el_after_av_textblock  avia-builder-el-last   \" data-avia-form-id=\"1\" data-avia-redirect='' ><h3 class=''>Pour les Questions G\u00e9n\u00e9rales et les Demandes de R\u00e9servation<\/h3><fieldset><div id='avia_1_1' class='av-form-text'><p><strong>Veuillez noter:<\/strong> votre r\u00e9servation ne devient effective qu&rsquo;apr\u00e8s confirmation de notre service r\u00e9servation. <strong>Notez \u00e9galement notre <a href=\"https:\/\/www.pfahlbauten.de\/wp-content\/uploads\/2024\/10\/Stornobedingungen-franzoesisch-11.10.2024.pdf\"><span style=\"color: #ff0000;\">conditions d&rsquo;annulation<\/span><\/a>.<\/strong><\/p>\n<\/div><p class='  first_form  form_element form_element_half' id='element_avia_2_1'><label for=\"avia_2_1\">Pr\u00e9nom \/ Nom <abbr class=\"required\" title=\"requis(e)\">*<\/abbr><\/label> <input name=\"avia_2_1\" class=\"text_input is_empty\" type=\"text\" id=\"avia_2_1\" value=\"\"  placeholder='Pr\u00e9nom \/ Nom*'\/><\/p><p class='  form_element form_element_half' id='element_avia_3_1'><label for=\"avia_3_1\">\u00c9cole \/ Groupe \/ Entreprise<\/label> <input name=\"avia_3_1\" class=\"text_input \" type=\"text\" id=\"avia_3_1\" value=\"\"  placeholder='\u00c9cole \/ Groupe \/ Entreprise'\/><\/p><p class='  first_form  form_element form_element_half' id='element_avia_4_1'><label for=\"avia_4_1\">Rue \/ Num\u00e9ro de Maison<\/label> <input name=\"avia_4_1\" class=\"text_input \" type=\"text\" id=\"avia_4_1\" value=\"\"  placeholder='Rue \/ Num\u00e9ro de Maison'\/><\/p><p class='  form_element form_element_half' id='element_avia_5_1'><label for=\"avia_5_1\">Code postal \/ Ville<\/label> <input name=\"avia_5_1\" class=\"text_input \" type=\"text\" id=\"avia_5_1\" value=\"\"  placeholder='Code postal \/ Ville'\/><\/p><p class='  first_form  form_element form_element_half' id='element_avia_6_1'><label for=\"avia_6_1\">Email <abbr class=\"required\" title=\"requis(e)\">*<\/abbr><\/label> <input name=\"avia_6_1\" class=\"text_input is_email\" type=\"text\" id=\"avia_6_1\" value=\"\"  placeholder='Email*'\/><\/p><p class='  form_element form_element_fourth' id='element_avia_7_1'><label for=\"avia_7_1\">T\u00e9l\u00e9phone<\/label> <input name=\"avia_7_1\" class=\"text_input \" type=\"text\" id=\"avia_7_1\" value=\"\"  placeholder='T\u00e9l\u00e9phone'\/><\/p><p class='  form_element form_element_fourth' id='element_avia_8_1'><label for=\"avia_8_1\">Fax<\/label> <input name=\"avia_8_1\" class=\"text_input \" type=\"text\" id=\"avia_8_1\" value=\"\"  placeholder='Fax'\/><\/p><p class='  first_form  form_element form_fullwidth' id='element_avia_9_1'><label for=\"avia_9_1\">Sujet<\/label> <input name=\"avia_9_1\" class=\"text_input \" type=\"text\" id=\"avia_9_1\" value=\"\"  placeholder='Sujet'\/><\/p><p class='  first_form  form_element form_fullwidth' id='element_avia_10_1'><label for=\"avia_10_1\" class=\"textare_label hidden textare_label_avia_10_1\">Message<\/label><textarea  placeholder='Message' name=\"avia_10_1\" class=\"text_area \" cols=\"40\" rows=\"7\" id=\"avia_10_1\" ><\/textarea><\/p><p class='  first_form  form_element form_fullwidth' id='element_avia_11_1'><input  name=\"avia_11_1\" class=\"input_checkbox is_empty\" type=\"checkbox\" id=\"avia_11_1\" value=\"true\"\/><label class=\"input_checkbox_label\" for=\"avia_11_1\">Oui, j\u2018accepte d\u2019\u00eatre contact\u00e9 par email\/t\u00e9l\u00e9phone. <abbr class=\"required\" title=\"requis(e)\">*<\/abbr><\/label><\/p><p class=\"hidden\"><input type=\"text\" name=\"avia_12_1\" class=\"hidden \" id=\"avia_12_1\" value=\"\" \/><\/p><p class='   form_element form_fullwidth' id='element_avia_13_1'><span class='value_verifier_label'>0 + 7 = ?<\/span><input name=\"avia_13_1_verifier\" type=\"hidden\" id=\"avia_13_1_verifier\" value=\"344727233\"\/><label for=\"avia_13_1\">Merci de prouver que vous \u00eates un humain en donnant le r\u00e9sultat de cette op\u00e9ration <abbr class=\"required\" title=\"requis(e)\">*<\/abbr><\/label><input name=\"avia_13_1\" class=\"text_input captcha\" type=\"text\" id=\"avia_13_1\" value=\"\"\/><\/p><p class=\"form_element \"><input type=\"hidden\" value=\"1\" name=\"avia_generated_form1\" \/><input type=\"submit\" value=\"Envoyer\" class=\"button\"  data-sending-label=\"Envoi\"\/><\/p><\/fieldset><\/form><div id=\"ajaxresponse_1\" class=\"ajaxresponse ajaxresponse_1 hidden\"><\/div>\n<\/div><\/div><\/div><!-- close content main div --><\/div><\/div><div id='after_section_2'  class='main_color av_default_container_wrap container_wrap sidebar_right'  ><div class='container av-section-cont-open' ><div class='template-page content  av-content-small alpha units'><div class='post-entry post-entry-type-page post-entry-9947'><div class='entry-content-wrapper clearfix'><\/p>\n","protected":false},"excerpt":{"rendered":"","protected":false},"author":4,"featured_media":0,"parent":0,"menu_order":0,"comment_status":"closed","ping_status":"closed","template":"","meta":{"inline_featured_image":false,"footnotes":""},"class_list":["post-9947","page","type-page","status-publish","hentry"],"_links":{"self":[{"href":"https:\/\/www.pfahlbauten.de\/fr\/wp-json\/wp\/v2\/pages\/9947","targetHints":{"allow":["GET"]}}],"collection":[{"href":"https:\/\/www.pfahlbauten.de\/fr\/wp-json\/wp\/v2\/pages"}],"about":[{"href":"https:\/\/www.pfahlbauten.de\/fr\/wp-json\/wp\/v2\/types\/page"}],"author":[{"embeddable":true,"href":"https:\/\/www.pfahlbauten.de\/fr\/wp-json\/wp\/v2\/users\/4"}],"replies":[{"embeddable":true,"href":"https:\/\/www.pfahlbauten.de\/fr\/wp-json\/wp\/v2\/comments?post=9947"}],"version-history":[{"count":0,"href":"https:\/\/www.pfahlbauten.de\/fr\/wp-json\/wp\/v2\/pages\/9947\/revisions"}],"wp:attachment":[{"href":"https:\/\/www.pfahlbauten.de\/fr\/wp-json\/wp\/v2\/media?parent=9947"}],"curies":[{"name":"wp","href":"https:\/\/api.w.org\/{rel}","templated":true}]}}