{"id":10014,"date":"2020-06-03T11:53:26","date_gmt":"2020-06-03T09:53:26","guid":{"rendered":"https:\/\/www.pfahlbauten.de\/?page_id=10014"},"modified":"2026-01-13T15:47:11","modified_gmt":"2026-01-13T14:47:11","slug":"tarifs","status":"publish","type":"page","link":"https:\/\/www.pfahlbauten.de\/fr\/tarifs\/","title":{"rendered":"Tarifs"},"content":{"rendered":"<div id='full_slider_1'  class='avia-fullwidth-slider main_color avia-shadow   avia-builder-el-0  el_before_av_section  avia-builder-el-first   container_wrap sidebar_right'  ><div  class='avia-slideshow av-hr2t8pq-c4a72b06900bdc5b244331fe8a0e0194 avia-slideshow-1536x1536 av_slideshow_full avia-slide-slider av-slideshow-ui av-control-minimal av-slideshow-manual av-loop-once av-loop-manual-endless av-default-height-applied   avia-slideshow-1' data-slideshow-options=\"{&quot;animation&quot;:&quot;slide&quot;,&quot;autoplay&quot;:false,&quot;loop_autoplay&quot;:&quot;once&quot;,&quot;interval&quot;:5,&quot;loop_manual&quot;:&quot;manual-endless&quot;,&quot;autoplay_stopper&quot;:false,&quot;noNavigation&quot;:false,&quot;bg_slider&quot;:false,&quot;keep_padding&quot;:false,&quot;hoverpause&quot;:false,&quot;show_slide_delay&quot;:0}\"  itemprop=\"image\" itemscope=\"itemscope\" itemtype=\"https:\/\/schema.org\/ImageObject\" ><ul class='avia-slideshow-inner ' style='padding-bottom: 32.2916666667%;'><li  class='avia-slideshow-slide av-hr2t8pq-c4a72b06900bdc5b244331fe8a0e0194__1  slide-1 slide-odd'><div data-rel='slideshow-1' class='avia-slide-wrap '   ><img decoding=\"async\" fetchpriority=\"high\" class=\"wp-image-827 avia-img-lazy-loading-not-827\"  src=\"https:\/\/www.pfahlbauten.de\/wp-content\/uploads\/2020\/06\/Tickets-1536x496.jpg\" width=\"1536\" height=\"496\" title='Tickets' alt=''  itemprop=\"thumbnailUrl\" srcset=\"https:\/\/www.pfahlbauten.de\/wp-content\/uploads\/2020\/06\/Tickets-1536x496.jpg 1536w, https:\/\/www.pfahlbauten.de\/wp-content\/uploads\/2020\/06\/Tickets-300x97.jpg 300w, https:\/\/www.pfahlbauten.de\/wp-content\/uploads\/2020\/06\/Tickets-1030x333.jpg 1030w, https:\/\/www.pfahlbauten.de\/wp-content\/uploads\/2020\/06\/Tickets-768x248.jpg 768w, https:\/\/www.pfahlbauten.de\/wp-content\/uploads\/2020\/06\/Tickets-1500x484.jpg 1500w, https:\/\/www.pfahlbauten.de\/wp-content\/uploads\/2020\/06\/Tickets-705x228.jpg 705w, https:\/\/www.pfahlbauten.de\/wp-content\/uploads\/2020\/06\/Tickets.jpg 1920w\" sizes=\"(max-width: 1536px) 100vw, 1536px\" \/><\/div><\/li><\/ul><\/div><\/div>\n\n<style type=\"text\/css\" data-created_by=\"avia_inline_auto\" id=\"style-css-av-ggffuny-89c852993777806179645e668c5d8861\">\n.avia-section.av-ggffuny-89c852993777806179645e668c5d8861{\nbackground-color:#ffffff;\nbackground-image:unset;\nmargin-top:0;\nmargin-bottom:20px;\n}\n<\/style>\n<div id='av_section_1'  class='avia-section av-ggffuny-89c852993777806179645e668c5d8861 main_color avia-section-default avia-no-border-styling  avia-builder-el-1  el_after_av_slideshow_full  avia-builder-el-last  avia-bg-style-scroll av-minimum-height av-minimum-height-25 av-height-25  container_wrap sidebar_right'   data-av_minimum_height_pc='25' data-av_min_height_opt='25'><div class='container av-section-cont-open' ><div class='template-page content  av-content-small alpha units'><div class='post-entry post-entry-type-page post-entry-10014'><div class='entry-content-wrapper clearfix'>\n<div  class='flex_column av-fqzebb2-b40b51004446e4058b450480293a6381 av_one_full  avia-builder-el-2  el_before_av_one_third  avia-builder-el-first  first flex_column_div  '     ><section  class='av_textblock_section av-maxlf6op-435d8070af3574d861d3ee305b65e7bb '   itemscope=\"itemscope\" itemtype=\"https:\/\/schema.org\/CreativeWork\" ><div class='avia_textblock'  itemprop=\"text\" ><h1 style=\"text-align: center;\">Tarifs<\/h1>\n<\/div><\/section><\/div>\n<style type=\"text\/css\" data-created_by=\"avia_inline_auto\" id=\"style-css-av-fk6p5oe-0eea39fd0633925090332930abe6e331\">\n.flex_column.av-fk6p5oe-0eea39fd0633925090332930abe6e331{\nborder-radius:0px 0px 0px 0px;\npadding:0px 0px 0px 0px;\n}\n<\/style>\n<div  class='flex_column av-fk6p5oe-0eea39fd0633925090332930abe6e331 av_one_third  avia-builder-el-4  el_after_av_one_full  el_before_av_one_third  first flex_column_div av-zero-column-padding  column-top-margin'     ><section  class='av_textblock_section av-f2gec0u-b5f2d4235a518f884451fb92d5a0bdbf '   itemscope=\"itemscope\" itemtype=\"https:\/\/schema.org\/CreativeWork\" ><div class='avia_textblock'  itemprop=\"text\" ><h3>Visiteurs Individuels<\/h3>\n<hr \/>\n<\/div><\/section><br \/>\n<div  class='av-catalogue-container av-efji9dq-ae45478fb1af07d6079e4bf3e99c7f5b  avia-builder-el-6  el_after_av_textblock  el_before_av_textblock  keinUppercase'><ul class='av-catalogue-list'>\n<li><div class='av-catalogue-item av-e0xfn9a-3205d5e69e895e21ac57123a4731519b' ><div class=\"av-catalogue-item-inner\"><div class=\"av-catalogue-title-container\"><div class='av-catalogue-title'>Adultes<\/div><div class='av-catalogue-price'>14,00 \u20ac<\/div><\/div><div class=\"av-catalogue-content\"><\/div><\/div><\/div><\/li>\n<li><div class='av-catalogue-item av-dqaq7lq-74038733f34cd8460a6096140b6fb537' ><div class=\"av-catalogue-item-inner\"><div class=\"av-catalogue-title-container\"><div class='av-catalogue-title'>Enfants de 5 \u00e0 15 ans<\/div><div class='av-catalogue-price'>8,50 \u20ac<\/div><\/div><div class=\"av-catalogue-content\"><\/div><\/div><\/div><\/li>\n<li><div class='av-catalogue-item av-d9fkcvy-25a9cd72641b1b412f98e09764cc9dca' ><div class=\"av-catalogue-item-inner\"><div class=\"av-catalogue-title-container\"><div class='av-catalogue-title'>\u00c9l\u00e8ves\/\u00e9tudiants \u00e2g\u00e9s de 16 ans<\/div><div class='av-catalogue-price'>12,00 \u20ac<\/div><\/div><div class=\"av-catalogue-content\">\n(v\u00e9rification n\u00e9cessaire)<br \/>\n<\/div><\/div><\/div><\/li>\n<li><div class='av-catalogue-item av-cnv741q-09b82875a5bdbdbb0d573ab69ed9dfc6' ><div class=\"av-catalogue-item-inner\"><div class=\"av-catalogue-title-container\"><div class='av-catalogue-title'>Personnes handicap\u00e9es<\/div><div class='av-catalogue-price'>13,00 \u20ac<\/div><\/div><div class=\"av-catalogue-content\">\n(v\u00e9rification n\u00e9cessaire)<br \/>\n<\/div><\/div><\/div><\/li>\n<li><div class='av-catalogue-item av-c19dp9a-e0e2a896f8274ce4f24e257de23d95db' ><div class=\"av-catalogue-item-inner\"><div class=\"av-catalogue-title-container\"><div class='av-catalogue-title'>Enfants jusqu\u2019\u00e0 4 ans<\/div><div class='av-catalogue-price'>0,00 \u20ac<\/div><\/div><div class=\"av-catalogue-content\">\n(accompagn\u00e9s de leurs parents)<br \/>\n<\/div><\/div><\/div><\/li>\n<\/ul><\/div><br \/>\n<section  class='av_textblock_section av-bo9w526-367129b6255eaf98cf7c7b6f675d5138 '   itemscope=\"itemscope\" itemtype=\"https:\/\/schema.org\/CreativeWork\" ><div class='avia_textblock'  itemprop=\"text\" ><p>Il n&rsquo;est pas possible de cumuler plusieurs r\u00e9ductions.<\/p>\n<p>Les billets d&rsquo;entr\u00e9e donnent droit \u00e0 une entr\u00e9e unique au Mus\u00e9e des palafittes \u00e0 la date imprim\u00e9e et perdent leur validit\u00e9 d\u00e8s que vous quittez l&rsquo;enceinte du mus\u00e9e.<\/p>\n<\/div><\/section><br \/>\n\n<style type=\"text\/css\" data-created_by=\"avia_inline_auto\" id=\"style-css-av-b45317i-f1b7c0c2b72281499e07d0759ee9ea34\">\n#top .hr.hr-invisible.av-b45317i-f1b7c0c2b72281499e07d0759ee9ea34{\nheight:40px;\n}\n<\/style>\n<div  class='hr av-b45317i-f1b7c0c2b72281499e07d0759ee9ea34 hr-invisible  avia-builder-el-8  el_after_av_textblock  avia-builder-el-last '><span class='hr-inner '><span class=\"hr-inner-style\"><\/span><\/span><\/div><\/p><\/div>\n<style type=\"text\/css\" data-created_by=\"avia_inline_auto\" id=\"style-css-av-au39wvy-c150049867a0776c0d68ed24093b5f78\">\n.flex_column.av-au39wvy-c150049867a0776c0d68ed24093b5f78{\nborder-radius:0px 0px 0px 0px;\npadding:0px 0px 0px 0px;\n}\n<\/style>\n<div  class='flex_column av-au39wvy-c150049867a0776c0d68ed24093b5f78 av_one_third  avia-builder-el-9  el_after_av_one_third  el_before_av_one_third  flex_column_div av-zero-column-padding  column-top-margin'     ><section  class='av_textblock_section av-agafoke-15ae5b374befe038d2a06007e3842a8e '   itemscope=\"itemscope\" itemtype=\"https:\/\/schema.org\/CreativeWork\" ><div class='avia_textblock'  itemprop=\"text\" ><h3>Billets en Ligne pour Visiteurs Individuels<\/h3>\n<hr \/>\n<p>Vous pouvez acheter des billets en ligne ici:<\/p>\n<\/div><\/section><br \/>\n<div  class='avia-button-wrap av-9xz243i-375907c941af94dd9f9f97204c6e5c6a-wrap avia-button-left  avia-builder-el-11  el_after_av_textblock  el_before_av_hr '><a href='https:\/\/pfahlbauten.ticketfritz.de\/'  class='avia-button av-9xz243i-375907c941af94dd9f9f97204c6e5c6a av-link-btn avia-icon_select-no avia-size-large avia-position-left avia-color-theme-color'  target=\"_blank\"  rel=\"noopener noreferrer\"  aria-label=\"Online-Tickets &amp; Shop\"><span class='avia_iconbox_title' >Online-Tickets &amp; Shop<\/span><\/a><\/div><br \/>\n\n<style type=\"text\/css\" data-created_by=\"avia_inline_auto\" id=\"style-css-av-9mpuhry-0fd824b815a26d13ca87e1341c15fcab\">\n#top .hr.hr-invisible.av-9mpuhry-0fd824b815a26d13ca87e1341c15fcab{\nheight:40px;\n}\n<\/style>\n<div  class='hr av-9mpuhry-0fd824b815a26d13ca87e1341c15fcab hr-invisible  avia-builder-el-12  el_after_av_button  avia-builder-el-last '><span class='hr-inner '><span class=\"hr-inner-style\"><\/span><\/span><\/div><\/p><\/div>\n<style type=\"text\/css\" data-created_by=\"avia_inline_auto\" id=\"style-css-av-900kroe-f7139ab0f26848aadfeed2378f08c2b3\">\n.flex_column.av-900kroe-f7139ab0f26848aadfeed2378f08c2b3{\nborder-radius:0px 0px 0px 0px;\npadding:0px 0px 0px 0px;\n}\n<\/style>\n<div  class='flex_column av-900kroe-f7139ab0f26848aadfeed2378f08c2b3 av_one_third  avia-builder-el-13  el_after_av_one_third  avia-builder-el-last  flex_column_div av-zero-column-padding  column-top-margin'     ><section  class='av_textblock_section av-8mqdela-1590f2ee33948172eaac36f17c41de31 '   itemscope=\"itemscope\" itemtype=\"https:\/\/schema.org\/CreativeWork\" ><div class='avia_textblock'  itemprop=\"text\" ><h3>Visites Guid\u00e9es en Anglais ou en Fran\u00e7ais<\/h3>\n<hr \/>\n<p>Des visites guid\u00e9es sont disponibles en Anglais ou en Fran\u00e7ais pour des groupes de 15 \u00e0 35 personnes (<strong>adultes<\/strong>: 20 \u00e0 35 personnes). <strong>Une r\u00e9servation est n\u00e9cessaire.<\/strong> Veuillez nous contacter en utilisant le lien ci-dessous.<\/p>\n<\/div><\/section><br \/>\n<div  class='av-catalogue-container av-87cfpcu-349f4c9a3b18ceeb78bcf0837633c44e  avia-builder-el-15  el_after_av_textblock  el_before_av_textblock  keinUppercase'><ul class='av-catalogue-list'>\n<li><div class='av-catalogue-item av-7otoczi-8d912e7e396d93e3d243c334d2d5e469' ><div class=\"av-catalogue-item-inner\"><div class=\"av-catalogue-title-container\"><div class='av-catalogue-title'><\/div><div class='av-catalogue-price'>80,00 \u20ac<\/div><\/div><div class=\"av-catalogue-content\">\nune visite (frais d&rsquo;entr\u00e9e <strong>non<\/strong> inclus)<br \/>\n<\/div><\/div><\/div><\/li>\n<li><div class='av-catalogue-item av-7abrs3i-657c9080bbe5d4058612ca089c29064d' ><div class=\"av-catalogue-item-inner\"><div class=\"av-catalogue-title-container\"><div class='av-catalogue-title'><\/div><div class='av-catalogue-price'><\/div><\/div><div class=\"av-catalogue-content\">\nfrais d&rsquo;entr\u00e9e:<br \/>\n<\/div><\/div><\/div><\/li>\n<li><div class='av-catalogue-item av-nz0132-141d09d2aee60ecf24dfa590c1c7df1d' ><div class=\"av-catalogue-item-inner\"><div class=\"av-catalogue-title-container\"><div class='av-catalogue-title'>Jardin d\u2019enfants<\/div><div class='av-catalogue-price'>6,00 \u20ac<\/div><\/div><div class=\"av-catalogue-content\">\n\u00e0 partir de 15 personnes<br \/>\n<\/div><\/div><\/div><\/li>\n<li><div class='av-catalogue-item av-mtk9dq-4266aa0c7a97bd00f57869083dc7c8e1' ><div class=\"av-catalogue-item-inner\"><div class=\"av-catalogue-title-container\"><div class='av-catalogue-title'>\u00c9cole<\/div><div class='av-catalogue-price'>8,00 \u20ac<\/div><\/div><div class=\"av-catalogue-content\">\n\u00e0 partir de 15 personnes<br \/>\n<\/div><\/div><\/div><\/li>\n<li><div class='av-catalogue-item av-5tnmgou-b889ea2f46cc27144dcbf9ade2c5a5ab' ><div class=\"av-catalogue-item-inner\"><div class=\"av-catalogue-title-container\"><div class='av-catalogue-title'>Universit\u00e9<\/div><div class='av-catalogue-price'>10,00 \u20ac<\/div><\/div><div class=\"av-catalogue-content\">\n\u00e0 partir de 15 personnes<br \/>\n<\/div><\/div><\/div><\/li>\n<li><div class='av-catalogue-item av-53rg2u6-4c33017fec6711054bd0e3c87c364713' ><div class=\"av-catalogue-item-inner\"><div class=\"av-catalogue-title-container\"><div class='av-catalogue-title'>Adultes<\/div><div class='av-catalogue-price'>13,00 \u20ac<\/div><\/div><div class=\"av-catalogue-content\">\n\u00e0 partir de 20 personnes<br \/>\n<\/div><\/div><\/div><\/li>\n<\/ul><\/div><br \/>\n<section  class='av_textblock_section av-i4aq3i-8c1e25a7a79525a116e76e7d1a18742c '   itemscope=\"itemscope\" itemtype=\"https:\/\/schema.org\/CreativeWork\" ><div class='avia_textblock'  itemprop=\"text\" ><p><a href=\"https:\/\/www.pfahlbauten.de\/fr\/contact\/\"><strong>&gt; Contact<\/strong><\/a><\/p>\n<\/div><\/section><br \/>\n\n<style type=\"text\/css\" data-created_by=\"avia_inline_auto\" id=\"style-css-av-478n5q6-fbc57e0ad6c19b871e6089760254ce50\">\n#top .hr.hr-invisible.av-478n5q6-fbc57e0ad6c19b871e6089760254ce50{\nheight:42px;\n}\n<\/style>\n<div  class='hr av-478n5q6-fbc57e0ad6c19b871e6089760254ce50 hr-invisible  avia-builder-el-17  el_after_av_textblock  el_before_av_textblock '><span class='hr-inner '><span class=\"hr-inner-style\"><\/span><\/span><\/div><br \/>\n<section  class='av_textblock_section av-3y88272-d560fceef3b7a286ada717099eea8eba '   itemscope=\"itemscope\" itemtype=\"https:\/\/schema.org\/CreativeWork\" ><div class='avia_textblock'  itemprop=\"text\" ><h3>Groupes<\/h3>\n<hr \/>\n<p>Si vous souhaitez <strong>une visite guid\u00e9e uniquement en allemand <\/strong>(70,00 \u20ac, frais d&rsquo;entr\u00e9e <strong>non <\/strong>inclus), veuillez nous contacter en utilisant le lien ci-dessous.<\/p>\n<\/div><\/section><br \/>\n\n<style type=\"text\/css\" data-created_by=\"avia_inline_auto\" id=\"style-css-av-cv10vy-65e72c6a9e13e1d8a1e3ec67408dee07\">\n#top .hr.hr-invisible.av-cv10vy-65e72c6a9e13e1d8a1e3ec67408dee07{\nheight:12px;\n}\n<\/style>\n<div  class='hr av-cv10vy-65e72c6a9e13e1d8a1e3ec67408dee07 hr-invisible  avia-builder-el-19  el_after_av_textblock  el_before_av_catalogue '><span class='hr-inner '><span class=\"hr-inner-style\"><\/span><\/span><\/div><br \/>\n<div  class='av-catalogue-container av-2u8dcta-264831d15e5980d67e88005ce08cb668  avia-builder-el-20  el_after_av_hr  el_before_av_textblock  keinUppercase'><ul class='av-catalogue-list'>\n<li><div class='av-catalogue-item av-2kdrkwu-936bc74688bcff7a5adfa68ee26e1307' ><div class=\"av-catalogue-item-inner\"><div class=\"av-catalogue-title-container\"><div class='av-catalogue-title'>Jardin d\u2019enfants<\/div><div class='av-catalogue-price'>6,00 \u20ac<\/div><\/div><div class=\"av-catalogue-content\">\n\u00e0 partir de 15 personnes<br \/>\n<\/div><\/div><\/div><\/li>\n<li><div class='av-catalogue-item av-28uhqgu-b24fc0500b9ad4a66bc1a169b58d5b9a' ><div class=\"av-catalogue-item-inner\"><div class=\"av-catalogue-title-container\"><div class='av-catalogue-title'>\u00c9cole<\/div><div class='av-catalogue-price'>8,00 \u20ac<\/div><\/div><div class=\"av-catalogue-content\">\n\u00e0 partir de 15 personnes<br \/>\n<\/div><\/div><\/div><\/li>\n<li><div class='av-catalogue-item av-1qknw66-323450f5f715365551dfab165f9fd251' ><div class=\"av-catalogue-item-inner\"><div class=\"av-catalogue-title-container\"><div class='av-catalogue-title'>Universit\u00e9<\/div><div class='av-catalogue-price'>10,00 \u20ac<\/div><\/div><div class=\"av-catalogue-content\">\n\u00e0 partir de 15 personnes<br \/>\n<\/div><\/div><\/div><\/li>\n<li><div class='av-catalogue-item av-194b0bi-b5fc58a677f934a1eb14ac4797bc2880' ><div class=\"av-catalogue-item-inner\"><div class=\"av-catalogue-title-container\"><div class='av-catalogue-title'>Adultes<\/div><div class='av-catalogue-price'>13,00 \u20ac<\/div><\/div><div class=\"av-catalogue-content\">\n\u00e0 partir de 20 personnes<br \/>\n<\/div><\/div><\/div><\/li>\n<\/ul><\/div><br \/>\n<section  class='av_textblock_section av-oao4ji-05086590f234d81d9a4076c8397a92de '   itemscope=\"itemscope\" itemtype=\"https:\/\/schema.org\/CreativeWork\" ><div class='avia_textblock'  itemprop=\"text\" ><p><a href=\"https:\/\/www.pfahlbauten.de\/fr\/contact\/\"><strong>&gt; Contact<\/strong><\/a><\/p>\n<\/div><\/section><\/p><\/div><\/div><\/div><\/div><!-- close content main div --><\/div><\/div><div id='after_section_1'  class='main_color av_default_container_wrap container_wrap sidebar_right'  ><div class='container av-section-cont-open' ><div class='template-page content  av-content-small alpha units'><div class='post-entry post-entry-type-page post-entry-10014'><div class='entry-content-wrapper clearfix'>\n","protected":false},"excerpt":{"rendered":"","protected":false},"author":4,"featured_media":0,"parent":0,"menu_order":4,"comment_status":"closed","ping_status":"closed","template":"","meta":{"inline_featured_image":false,"footnotes":""},"class_list":["post-10014","page","type-page","status-publish","hentry"],"_links":{"self":[{"href":"https:\/\/www.pfahlbauten.de\/fr\/wp-json\/wp\/v2\/pages\/10014","targetHints":{"allow":["GET"]}}],"collection":[{"href":"https:\/\/www.pfahlbauten.de\/fr\/wp-json\/wp\/v2\/pages"}],"about":[{"href":"https:\/\/www.pfahlbauten.de\/fr\/wp-json\/wp\/v2\/types\/page"}],"author":[{"embeddable":true,"href":"https:\/\/www.pfahlbauten.de\/fr\/wp-json\/wp\/v2\/users\/4"}],"replies":[{"embeddable":true,"href":"https:\/\/www.pfahlbauten.de\/fr\/wp-json\/wp\/v2\/comments?post=10014"}],"version-history":[{"count":3,"href":"https:\/\/www.pfahlbauten.de\/fr\/wp-json\/wp\/v2\/pages\/10014\/revisions"}],"predecessor-version":[{"id":11116,"href":"https:\/\/www.pfahlbauten.de\/fr\/wp-json\/wp\/v2\/pages\/10014\/revisions\/11116"}],"wp:attachment":[{"href":"https:\/\/www.pfahlbauten.de\/fr\/wp-json\/wp\/v2\/media?parent=10014"}],"curies":[{"name":"wp","href":"https:\/\/api.w.org\/{rel}","templated":true}]}}