{"id":10004,"date":"2020-06-04T09:30:33","date_gmt":"2020-06-04T07:30:33","guid":{"rendered":"https:\/\/www.pfahlbauten.de\/?page_id=10004"},"modified":"2025-05-27T13:31:35","modified_gmt":"2025-05-27T11:31:35","slug":"arrivee","status":"publish","type":"page","link":"https:\/\/www.pfahlbauten.de\/fr\/votre-visite\/arrivee\/","title":{"rendered":"Arriv\u00e9e"},"content":{"rendered":"<div id='full_slider_1'  class='avia-fullwidth-slider main_color avia-shadow   avia-builder-el-0  el_before_av_section  avia-builder-el-first   container_wrap sidebar_right'  ><div  class='avia-slideshow av-69i40j8-6169c5ae14b86a37328e64fb70cc1733 avia-slideshow-1536x1536 av_slideshow_full avia-slide-slider av-slideshow-ui av-control-minimal av-slideshow-manual av-loop-once av-loop-manual-endless av-default-height-applied   avia-slideshow-1' data-slideshow-options=\"{&quot;animation&quot;:&quot;slide&quot;,&quot;autoplay&quot;:false,&quot;loop_autoplay&quot;:&quot;once&quot;,&quot;interval&quot;:5,&quot;loop_manual&quot;:&quot;manual-endless&quot;,&quot;autoplay_stopper&quot;:false,&quot;noNavigation&quot;:false,&quot;bg_slider&quot;:false,&quot;keep_padding&quot;:false,&quot;hoverpause&quot;:false,&quot;show_slide_delay&quot;:0}\"  itemprop=\"image\" itemscope=\"itemscope\" itemtype=\"https:\/\/schema.org\/ImageObject\" ><ul class='avia-slideshow-inner ' style='padding-bottom: 32.2916666667%;'><li  class='avia-slideshow-slide av-69i40j8-6169c5ae14b86a37328e64fb70cc1733__1  slide-1 slide-odd'><div data-rel='slideshow-1' class='avia-slide-wrap '   ><img decoding=\"async\" fetchpriority=\"high\" class=\"wp-image-1052 avia-img-lazy-loading-not-1052\"  src=\"https:\/\/www.pfahlbauten.de\/wp-content\/uploads\/2020\/06\/Anreise-1536x496.jpg\" width=\"1536\" height=\"496\" title='Anreise' alt=''  itemprop=\"thumbnailUrl\" srcset=\"https:\/\/www.pfahlbauten.de\/wp-content\/uploads\/2020\/06\/Anreise-1536x496.jpg 1536w, https:\/\/www.pfahlbauten.de\/wp-content\/uploads\/2020\/06\/Anreise-300x97.jpg 300w, https:\/\/www.pfahlbauten.de\/wp-content\/uploads\/2020\/06\/Anreise-1030x333.jpg 1030w, https:\/\/www.pfahlbauten.de\/wp-content\/uploads\/2020\/06\/Anreise-768x248.jpg 768w, https:\/\/www.pfahlbauten.de\/wp-content\/uploads\/2020\/06\/Anreise-1500x484.jpg 1500w, https:\/\/www.pfahlbauten.de\/wp-content\/uploads\/2020\/06\/Anreise-705x228.jpg 705w, https:\/\/www.pfahlbauten.de\/wp-content\/uploads\/2020\/06\/Anreise.jpg 1920w\" sizes=\"(max-width: 1536px) 100vw, 1536px\" \/><\/div><\/li><\/ul><\/div><\/div>\n<div id='av_section_1'  class='avia-section av-50eriic-3ebf36debc7945c21becd4a75cc311df main_color avia-section-default avia-no-border-styling  avia-builder-el-1  el_after_av_slideshow_full  avia-builder-el-last  avia-bg-style-scroll container_wrap sidebar_right'  ><div class='container av-section-cont-open' ><div class='template-page content  av-content-small alpha units'><div class='post-entry post-entry-type-page post-entry-10004'><div class='entry-content-wrapper clearfix'>\n<div  class='flex_column av-4ccbduc-96ea97e256fd61adbc74276d8319f376 av_one_full  avia-builder-el-2  el_before_av_one_full  avia-builder-el-first  first flex_column_div  '     ><section  class='av_textblock_section av-3wfdyes-533afc9b8b4f05f268c5a9d23df5bf82 '   itemscope=\"itemscope\" itemtype=\"https:\/\/schema.org\/CreativeWork\" ><div class='avia_textblock'  itemprop=\"text\" ><h1 style=\"text-align: center;\">Arriv\u00e9e<\/h1>\n<\/div><\/section><\/div>\n<style type=\"text\/css\" data-created_by=\"avia_inline_auto\" id=\"style-css-av-3l2ub3o-966a52fddbebac19580b8c5528d4fc2a\">\n.flex_column.av-3l2ub3o-966a52fddbebac19580b8c5528d4fc2a{\nborder-radius:0px 0px 0px 0px;\npadding:0px 0px 0px 0px;\n}\n<\/style>\n<div  class='flex_column av-3l2ub3o-966a52fddbebac19580b8c5528d4fc2a av_one_full  avia-builder-el-4  el_after_av_one_full  avia-builder-el-last  first flex_column_div av-zero-column-padding  column-top-margin'     ><div  class='togglecontainer av-2wnan4k-0de884646a52dc2e581ad0f74500b092 av-minimal-toggle  avia-builder-el-5  avia-builder-el-no-sibling  toggle_close_all' >\n<section class='av_toggle_section av-2h3gr04-f3c940ecd9861391234229063b51dc2a'  itemscope=\"itemscope\" itemtype=\"https:\/\/schema.org\/CreativeWork\" ><div role=\"tablist\" class=\"single_toggle\" data-tags=\"{Tout} \"  ><p id='toggle-toggle-id-1' data-fake-id='#toggle-id-1' class='toggler  av-title-above '  itemprop=\"headline\"  role='tab' tabindex='0' aria-controls='toggle-id-1' data-slide-speed=\"200\" data-title=\"En bus\/train\" data-title-open=\"\" data-aria_collapsed=\"Cliquez pour \u00e9tendre : En bus\/train\" data-aria_expanded=\"Cliquez pour r\u00e9duire : En bus\/train\">En bus\/train<span class=\"toggle_icon\"><span class=\"vert_icon\"><\/span><span class=\"hor_icon\"><\/span><\/span><\/p><div id='toggle-id-1' aria-labelledby='toggle-toggle-id-1' role='region' class='toggle_wrap  av-title-above'  ><div class='toggle_content invers-color '  itemprop=\"text\" ><p><img loading=\"lazy\" decoding=\"async\" class=\"wp-image-1056 alignright\" src=\"https:\/\/www.pfahlbauten.de\/wp-content\/uploads\/2020\/06\/Karte_PM_01.jpg\" alt=\"\" width=\"440\" height=\"543\" srcset=\"https:\/\/www.pfahlbauten.de\/wp-content\/uploads\/2020\/06\/Karte_PM_01.jpg 682w, https:\/\/www.pfahlbauten.de\/wp-content\/uploads\/2020\/06\/Karte_PM_01-243x300.jpg 243w, https:\/\/www.pfahlbauten.de\/wp-content\/uploads\/2020\/06\/Karte_PM_01-572x705.jpg 572w\" sizes=\"auto, (max-width: 440px) 100vw, 440px\" \/><\/p>\n<p><strong>En bus jusqu&rsquo;au Mus\u00e9e des Palafittes:<\/strong><\/p>\n<p>Depuis toutes les communes lacustres entre Friedrichshafen et \u00dcberlingen : lignes 7395 et 100 jusqu&rsquo;\u00e0 \u00ab Unteruhldingen, Meersburger Stra\u00dfe \u00bb (H1).<\/p>\n<p>Depuis Affenberg Salem, ligne 100 (bus EchtBodensee) jusqu&rsquo;\u00e0 \u00ab Unteruhldingen, Meersburger Stra\u00dfe \u00bb (H1). \u00c9galement ligne 7399 jusqu&rsquo;\u00e0 \u00ab Unteruhldingen, Hafen\/Pfahlbauten \u00bb (H2).<\/p>\n<p>Depuis la gare d&rsquo;Uhldingen-M\u00fchlhofen, lignes 7383 (ErlebnisBus 2), 7399 (ErlebnisBus 1) et 100 (EchtBodensee Bus) jusqu&rsquo;\u00e0 \u00ab Unteruhldingen, Hafen\/Pfahlbauten \u00bb (H2).<\/p>\n<p>Vous pouvez obtenir la prochaine correspondance de bus de mani\u00e8re tr\u00e8s fiable sur <a href=\"http:\/\/www.bahn.de\">www.bahn.de<\/a> ou en utilisant l&rsquo;application DB-Navigator avec l&rsquo;entr\u00e9e de destination \u00ab Unteruhldingen, Meersburger Stra\u00dfe \u00bb (H1).<\/p>\n<p>Les billets Bade-Wurtemberg, Allemagne, Bodo, le billet train-bus-bateau du lac de Constance et la carte EchtBodensee sont valables sur toutes les lignes.<\/p>\n<p>La ligne de bus \u00ab\u00a0Seelinie 7395\u00a0\u00bb circule toute l&rsquo;ann\u00e9e et relie les villes c\u00f4ti\u00e8res et les grandes gares de l&rsquo;arrondissement toutes les 15\u00a0minutes.<br \/>\nLa sortie est \u00ab\u00a0Meersburger Stra\u00dfe\u00a0\u00bb (H1) \u00e0 Unteruhldingen.<\/p>\n<p>La gare la plus proche de la Deutsche Bahn est \u00ab\u00a0Uhldingen-M\u00fchlhofen\u00a0\u00bb \u00e0 Oberuhldingen.<br \/>\nPour les voyageurs longue distance, \u00dcberlingen ou Friedrichshafen, puis une correspondance avec la ligne de bus <strong>Seelinie 7395<\/strong>\u00a0sont \u00e9galement possibles.<\/p>\n<p><a href=\"https:\/\/www.bodo.de\/\"><strong>&gt; <\/strong><strong>Seelinie 7395<\/strong><\/a><br \/>\n<a href=\"https:\/\/fahrplanforum.bodo.de\/\"><strong>&gt; Planificateur d&rsquo;Itin\u00e9raire<\/strong><\/a><br \/>\n<br class=\"\u201cclear\u201d\" \/><\/p>\n<p>Le <strong>Flixbus<\/strong> dessert Zurich, Fribourg, Memmingen et Munich et s&rsquo;arr\u00eate dans les villes voisines de Meersburg ou \u00dcberlingen. Vous pouvez ensuite prendre le Seelinie 7395.<\/p>\n<p><a href=\"https:\/\/www.flixbus.de\"><strong>&gt; Flixbus<\/strong><\/a><br \/>\n<br class=\"\u201cclear\u201d\" \/><\/p>\n<p>Les lignes de bus <strong>Erlebnis 7399<\/strong> et <strong>7383<\/strong> relient les principales attractions des environs pendant la saison. La sortie est \u00ab\u00a0Hafen\/Pfahlbauten\u00a0\u00bb (H2).<\/p>\n<p><a href=\"https:\/\/www.erlebnisbus.de\"><strong>&gt; Erlebnisbus<\/strong><\/a><br \/>\n<br class=\"\u201cclear\u201d\" \/><\/p>\n<p>Votre bus est disponible sur le parking public P1\u00a0:<br \/>\nAppareils de navigation\u00a0: Unteruhldingen, parking du lac, Ehbachstra\u00dfe.<\/p>\n<p>Des autorisations sp\u00e9ciales d&rsquo;acc\u00e8s \u00e0 la chapelle d&rsquo;Unteruhldingen sont disponibles pour les personnes handicap\u00e9es ou \u00e0 mobilit\u00e9 r\u00e9duite.<\/p>\n<p><a href=\"https:\/\/www.pfahlbauten.de\/fr\/contact\/\"><strong>&gt; Contact<\/strong><\/a><\/p>\n<p><strong>\u00a0<\/strong><\/p>\n<\/div><\/div><\/div><\/section>\n<section class='av_toggle_section av-29ze7pw-48532624d37708caa92eb2d00311b727'  itemscope=\"itemscope\" itemtype=\"https:\/\/schema.org\/CreativeWork\" ><div role=\"tablist\" class=\"single_toggle\" data-tags=\"{Tout} \"  ><p id='toggle-toggle-id-2' data-fake-id='#toggle-id-2' class='toggler  av-title-above '  itemprop=\"headline\"  role='tab' tabindex='0' aria-controls='toggle-id-2' data-slide-speed=\"200\" data-title=\"En voiture\/camping-car\" data-title-open=\"\" data-aria_collapsed=\"Cliquez pour \u00e9tendre : En voiture\/camping-car\" data-aria_expanded=\"Cliquez pour r\u00e9duire : En voiture\/camping-car\">En voiture\/camping-car<span class=\"toggle_icon\"><span class=\"vert_icon\"><\/span><span class=\"hor_icon\"><\/span><\/span><\/p><div id='toggle-id-2' aria-labelledby='toggle-toggle-id-2' role='region' class='toggle_wrap  av-title-above'  ><div class='toggle_content invers-color '  itemprop=\"text\" ><p><img loading=\"lazy\" decoding=\"async\" class=\"wp-image-1076 alignright\" src=\"https:\/\/www.pfahlbauten.de\/wp-content\/uploads\/2020\/06\/Karte_PM_02.jpg\" alt=\"\" width=\"440\" height=\"542\" srcset=\"https:\/\/www.pfahlbauten.de\/wp-content\/uploads\/2020\/06\/Karte_PM_02.jpg 682w, https:\/\/www.pfahlbauten.de\/wp-content\/uploads\/2020\/06\/Karte_PM_02-243x300.jpg 243w, https:\/\/www.pfahlbauten.de\/wp-content\/uploads\/2020\/06\/Karte_PM_02-572x705.jpg 572w\" sizes=\"auto, (max-width: 440px) 100vw, 440px\" \/><\/p>\n<p>Veuillez vous rendre au P1 ou au P2 si vous voyagez en voiture, ou au P2 si vous voyagez avec un camping-car.<\/p>\n<p>P1: Appareils de navigation: Unteruhldingen, parking du lac, Ehbachstra\u00dfe<br \/>\nP2: Appareils de navigation: Unteruhldingen, parking du parc de sports et de loisirs, Bodenseestra\u00dfe<\/p>\n<p><a href=\"https:\/\/www.google.com\/maps\/dir\/\/Parkplatz,+Ehbachstra\u00dfe+1,+88690+Uhldingen-M\u00fchlhofen\/@47.7243627,9.2334118,17z\/data=!4m9!4m8!1m0!1m5!1m1!1s0x479a58196be5fbc5:0x820226131fc28d2d!2m2!1d9.2356058!2d47.7243591!3e0?hl=de\"><strong>&gt; Planificateur d&rsquo;Itin\u00e9raire<\/strong><\/a><\/p>\n<\/div><\/div><\/div><\/section>\n<section class='av_toggle_section av-1j95ftg-941e2b83f9b661aa1cf43b2b8690d57b'  itemscope=\"itemscope\" itemtype=\"https:\/\/schema.org\/CreativeWork\" ><div role=\"tablist\" class=\"single_toggle\" data-tags=\"{Tout} \"  ><p id='toggle-toggle-id-3' data-fake-id='#toggle-id-3' class='toggler  av-title-above '  itemprop=\"headline\"  role='tab' tabindex='0' aria-controls='toggle-id-3' data-slide-speed=\"200\" data-title=\"En bateau\" data-title-open=\"\" data-aria_collapsed=\"Cliquez pour \u00e9tendre : En bateau\" data-aria_expanded=\"Cliquez pour r\u00e9duire : En bateau\">En bateau<span class=\"toggle_icon\"><span class=\"vert_icon\"><\/span><span class=\"hor_icon\"><\/span><\/span><\/p><div id='toggle-id-3' aria-labelledby='toggle-toggle-id-3' role='region' class='toggle_wrap  av-title-above'  ><div class='toggle_content invers-color '  itemprop=\"text\" ><p><img loading=\"lazy\" decoding=\"async\" class=\"wp-image-1078 alignright\" src=\"https:\/\/www.pfahlbauten.de\/wp-content\/uploads\/2020\/06\/Karte_PM_03.jpg\" alt=\"\" width=\"440\" height=\"543\" srcset=\"https:\/\/www.pfahlbauten.de\/wp-content\/uploads\/2020\/06\/Karte_PM_03.jpg 682w, https:\/\/www.pfahlbauten.de\/wp-content\/uploads\/2020\/06\/Karte_PM_03-243x300.jpg 243w, https:\/\/www.pfahlbauten.de\/wp-content\/uploads\/2020\/06\/Karte_PM_03-572x705.jpg 572w\" sizes=\"auto, (max-width: 440px) 100vw, 440px\" \/>Une liaison maritime est assur\u00e9e toute l&rsquo;ann\u00e9e\u00a0:<br \/>\n<strong>Bateau Constance \u2013 Meersburg<\/strong>, puis changement pour la ligne \u00ab\u00a0Seelinie 7395\u00a0\u00bb<br \/>\n(Sortie \u00ab\u00a0Unteruhldingen, Meersburger Stra\u00dfe\u00a0\u00bb (H1).<br \/>\n<a href=\"https:\/\/www.stadtwerke-konstanz.de\/schifffahrt\/faehre-konstanz-meersburg\/fahrplan\/?no_cache=1\"><strong>&gt; Horaire Bateau<\/strong><\/a><br \/>\n<a href=\"https:\/\/fahrplanforum.bodo.de\/\"><strong>&gt; Horaire Bus<\/strong><\/a><br \/>\n<br class=\"\u201cclear\u201d\" \/>De fa\u00e7on saisonni\u00e8re, cinq compagnies maritimes naviguent directement vers le port d&rsquo;Unteruhldingen. Renseignez-vous sur les billets combin\u00e9s.<br \/>\nLa soci\u00e9t\u00e9 <strong>BSB Bodensee-Schiffsbetriebe GmbH<\/strong> de Constance, Mainau, Meersburg, Lindau, Friedrichshafen, \u00dcberlingen:<br \/>\n<a href=\"https:\/\/www.bsb.de\/de\/fahrplan\"><strong>&gt; Horaire BSB<\/strong><\/a><br \/>\n<br class=\"\u201cclear\u201d\" \/>Les lignes du <strong>Vorarlberg Bodenseeschifffahrt<\/strong> depuis l&rsquo;Autriche:<br \/>\n<a href=\"https:\/\/www.vorarlberg-lines.at\/de\/kursverkehr\/fahrplan-und-preise\"><strong>&gt; Horaire lignes Vorarlberg<\/strong><\/a><\/p>\n<p>La <strong>Schweizerische Bodensee-Schifffahrtsgesellschaft<\/strong> de Suisse avec une route directe vers les Pile Dwellings depuis les ports de Romanshorn, Kreuzlingen, Constance et Meersburg:<br \/>\n<a href=\"https:\/\/bodensee-schiffe.ch\"><strong>&gt; Horaire SBS<\/strong><\/a><br \/>\n<br class=\"\u201cclear\u201d\" \/>Le <strong>CMS Bodenseeschifffahrt<\/strong> depuis les ports d&rsquo;\u00dcberlingen, Nussdorf et l&rsquo;\u00eele de Mainau:<br \/>\n<a href=\"https:\/\/www.cms-schifffahrt.de\"><strong>&gt; Horaire CMS<\/strong><\/a><br \/>\n<br class=\"\u201cclear\u201d\" \/>Le <strong>Schifffahrtsbetrieb Held<\/strong> d&rsquo;\u00dcberlingen:<br \/>\n<a href=\"https:\/\/www.gunzo.de\"><strong>&gt; Horaire Held<\/strong><\/a><\/p>\n<\/div><\/div><\/div><\/section>\n<section class='av_toggle_section av-1c7vn2s-5e1f77ac411525617e902849b3efc84f'  itemscope=\"itemscope\" itemtype=\"https:\/\/schema.org\/CreativeWork\" ><div role=\"tablist\" class=\"single_toggle\" data-tags=\"{Tout} \"  ><p id='toggle-toggle-id-4' data-fake-id='#toggle-id-4' class='toggler  av-title-above '  itemprop=\"headline\"  role='tab' tabindex='0' aria-controls='toggle-id-4' data-slide-speed=\"200\" data-title=\"En avion\" data-title-open=\"\" data-aria_collapsed=\"Cliquez pour \u00e9tendre : En avion\" data-aria_expanded=\"Cliquez pour r\u00e9duire : En avion\">En avion<span class=\"toggle_icon\"><span class=\"vert_icon\"><\/span><span class=\"hor_icon\"><\/span><\/span><\/p><div id='toggle-id-4' aria-labelledby='toggle-toggle-id-4' role='region' class='toggle_wrap  av-title-above'  ><div class='toggle_content invers-color '  itemprop=\"text\" ><p><img loading=\"lazy\" decoding=\"async\" class=\"wp-image-1085 alignright\" src=\"https:\/\/www.pfahlbauten.de\/wp-content\/uploads\/2020\/06\/Karte_PM_04.jpg\" alt=\"\" width=\"440\" height=\"276\" srcset=\"https:\/\/www.pfahlbauten.de\/wp-content\/uploads\/2020\/06\/Karte_PM_04.jpg 682w, https:\/\/www.pfahlbauten.de\/wp-content\/uploads\/2020\/06\/Karte_PM_04-300x188.jpg 300w\" sizes=\"auto, (max-width: 440px) 100vw, 440px\" \/><\/p>\n<p><strong>A\u00e9roports \u00e0 proximit\u00e9:<\/strong><\/p>\n<p><a href=\"https:\/\/www.bodensee-airport.eu\"><strong>&gt; Friedrichshafen A\u00e9roport<\/strong><\/a>\u00a0(40 minutes)<\/p>\n<p><a href=\"https:\/\/www.memmingen-airport.de\"><strong>&gt; Memmingen A\u00e9roport<\/strong><\/a>\u00a0(90 minutes)<\/p>\n<p><a href=\"https:\/\/www.flughafen-zuerich.ch\/de\/passagiere\"><strong>&gt; Zurich A\u00e9roport<\/strong><\/a>\u00a0(80 minutes)<\/p>\n<p><a href=\"https:\/\/www.airport-stgallen.com\"><strong>&gt; St. Gallen A\u00e9roport<\/strong><\/a>\u00a0(90 minutes)<\/p>\n<p><a href=\"https:\/\/www.flughafen-stuttgart.de\"><strong>&gt; Stuttgart A\u00e9roport<\/strong><\/a>\u00a0(110 minutes)<\/p>\n<p><a href=\"https:\/\/www.euroairport.com\/fr\/\"><strong>&gt; Basel A\u00e9roport<\/strong><\/a>\u00a0(150 minutes)<\/p>\n<\/div><\/div><\/div><\/section>\n<section class='av_toggle_section av-3b0rjo-e73dde8ef88075d7091ca88e2ddca4c9'  itemscope=\"itemscope\" itemtype=\"https:\/\/schema.org\/CreativeWork\" ><div role=\"tablist\" class=\"single_toggle\" data-tags=\"{Tout} \"  ><p id='toggle-toggle-id-5' data-fake-id='#toggle-id-5' class='toggler  av-title-above '  itemprop=\"headline\"  role='tab' tabindex='0' aria-controls='toggle-id-5' data-slide-speed=\"200\" data-title=\"\u00c0 v\u00e9lo\/\u00e0 pied\" data-title-open=\"\" data-aria_collapsed=\"Cliquez pour \u00e9tendre : \u00c0 v\u00e9lo\/\u00e0 pied\" data-aria_expanded=\"Cliquez pour r\u00e9duire : \u00c0 v\u00e9lo\/\u00e0 pied\">\u00c0 v\u00e9lo\/\u00e0 pied<span class=\"toggle_icon\"><span class=\"vert_icon\"><\/span><span class=\"hor_icon\"><\/span><\/span><\/p><div id='toggle-id-5' aria-labelledby='toggle-toggle-id-5' role='region' class='toggle_wrap  av-title-above'  ><div class='toggle_content invers-color '  itemprop=\"text\" ><p>Les palafittes sont facilement accessibles \u00e0 v\u00e9lo par la piste cyclable du lac de Constance.<br \/>\nLe mus\u00e9e est accessible en suivant les panneaux de la piste cyclable.<br \/>\nAppareils de navigation\u00a0: Unteruhldingen, Strandpromenade 6<br \/>\nDes supports \u00e0 v\u00e9los sont disponibles sur le parvis du mus\u00e9e.<\/p>\n<p><a href=\"https:\/\/www.bodensee-radweg.com\/radweg-bodensee\"><strong>&gt; Piste Cyclable du Lac de Constance<\/strong><\/a><\/p>\n<p>Le sentier de randonn\u00e9e du lac de Constance passe \u00e9galement directement devant le mus\u00e9e.<br \/>\nLes panneaux jaunes m\u00e8nent \u00e0 Unteruhldingen.<br \/>\nEn ville, des panneaux rouges indiquent le chemin vers le mus\u00e9e.<\/p>\n<\/div><\/div><\/div><\/section>\n<\/div><\/div><\/div><\/div><\/div><!-- close content main div --><\/div><\/div><div id='after_section_1'  class='main_color av_default_container_wrap container_wrap sidebar_right'  ><div class='container av-section-cont-open' ><div class='template-page content  av-content-small alpha units'><div class='post-entry post-entry-type-page post-entry-10004'><div class='entry-content-wrapper clearfix'>\n","protected":false},"excerpt":{"rendered":"","protected":false},"author":4,"featured_media":0,"parent":9991,"menu_order":6,"comment_status":"closed","ping_status":"closed","template":"","meta":{"inline_featured_image":false,"footnotes":""},"class_list":["post-10004","page","type-page","status-publish","hentry"],"_links":{"self":[{"href":"https:\/\/www.pfahlbauten.de\/fr\/wp-json\/wp\/v2\/pages\/10004","targetHints":{"allow":["GET"]}}],"collection":[{"href":"https:\/\/www.pfahlbauten.de\/fr\/wp-json\/wp\/v2\/pages"}],"about":[{"href":"https:\/\/www.pfahlbauten.de\/fr\/wp-json\/wp\/v2\/types\/page"}],"author":[{"embeddable":true,"href":"https:\/\/www.pfahlbauten.de\/fr\/wp-json\/wp\/v2\/users\/4"}],"replies":[{"embeddable":true,"href":"https:\/\/www.pfahlbauten.de\/fr\/wp-json\/wp\/v2\/comments?post=10004"}],"version-history":[{"count":0,"href":"https:\/\/www.pfahlbauten.de\/fr\/wp-json\/wp\/v2\/pages\/10004\/revisions"}],"up":[{"embeddable":true,"href":"https:\/\/www.pfahlbauten.de\/fr\/wp-json\/wp\/v2\/pages\/9991"}],"wp:attachment":[{"href":"https:\/\/www.pfahlbauten.de\/fr\/wp-json\/wp\/v2\/media?parent=10004"}],"curies":[{"name":"wp","href":"https:\/\/api.w.org\/{rel}","templated":true}]}}