{"id":7883,"date":"2020-06-04T11:27:00","date_gmt":"2020-06-04T09:27:00","guid":{"rendered":"https:\/\/www.pfahlbauten.de\/?page_id=7883"},"modified":"2025-07-15T08:20:42","modified_gmt":"2025-07-15T06:20:42","slug":"services","status":"publish","type":"page","link":"https:\/\/www.pfahlbauten.de\/en\/services\/","title":{"rendered":"Services"},"content":{"rendered":"<div id='full_slider_1'  class='avia-fullwidth-slider main_color avia-shadow   avia-builder-el-0  el_before_av_section  avia-builder-el-first   container_wrap sidebar_right'  ><div  class='avia-slideshow av-k60z7yrw-b82e0a1ff30150419d62812f1f2bac9d avia-slideshow-1536x1536 av_slideshow_full avia-slide-slider av-slideshow-ui av-control-minimal av-slideshow-manual av-loop-once av-loop-manual-endless av-default-height-applied   avia-slideshow-1' data-slideshow-options=\"{&quot;animation&quot;:&quot;slide&quot;,&quot;autoplay&quot;:false,&quot;loop_autoplay&quot;:&quot;once&quot;,&quot;interval&quot;:5,&quot;loop_manual&quot;:&quot;manual-endless&quot;,&quot;autoplay_stopper&quot;:false,&quot;noNavigation&quot;:false,&quot;bg_slider&quot;:false,&quot;keep_padding&quot;:false,&quot;hoverpause&quot;:false,&quot;show_slide_delay&quot;:0}\"  itemprop=\"image\" itemscope=\"itemscope\" itemtype=\"https:\/\/schema.org\/ImageObject\" ><ul class='avia-slideshow-inner ' style='padding-bottom: 32.2916666667%;'><li  class='avia-slideshow-slide av-k60z7yrw-b82e0a1ff30150419d62812f1f2bac9d__1  slide-1 slide-odd'><div data-rel='slideshow-1' class='avia-slide-wrap '   ><img decoding=\"async\" fetchpriority=\"high\" class=\"wp-image-6761 avia-img-lazy-loading-not-6761\"  src=\"https:\/\/www.pfahlbauten.de\/wp-content\/uploads\/2020\/06\/Services_oben-1536x496.jpg\" width=\"1536\" height=\"496\" title='Services_oben' alt=''  itemprop=\"thumbnailUrl\" srcset=\"https:\/\/www.pfahlbauten.de\/wp-content\/uploads\/2020\/06\/Services_oben-1536x496.jpg 1536w, https:\/\/www.pfahlbauten.de\/wp-content\/uploads\/2020\/06\/Services_oben-300x97.jpg 300w, https:\/\/www.pfahlbauten.de\/wp-content\/uploads\/2020\/06\/Services_oben-1030x333.jpg 1030w, https:\/\/www.pfahlbauten.de\/wp-content\/uploads\/2020\/06\/Services_oben-768x248.jpg 768w, https:\/\/www.pfahlbauten.de\/wp-content\/uploads\/2020\/06\/Services_oben-1500x484.jpg 1500w, https:\/\/www.pfahlbauten.de\/wp-content\/uploads\/2020\/06\/Services_oben-705x228.jpg 705w, https:\/\/www.pfahlbauten.de\/wp-content\/uploads\/2020\/06\/Services_oben.jpg 1920w\" sizes=\"(max-width: 1536px) 100vw, 1536px\" \/><\/div><\/li><\/ul><\/div><\/div>\n<div id='av_section_1'  class='avia-section av-4n5wdw-3032f7c2882ea9daebb4e908794910eb main_color avia-section-default avia-no-border-styling  avia-builder-el-1  el_after_av_slideshow_full  el_before_av_section  avia-bg-style-scroll container_wrap sidebar_right'  ><div class='container av-section-cont-open' ><div class='template-page content  av-content-small alpha units'><div class='post-entry post-entry-type-page post-entry-7883'><div class='entry-content-wrapper clearfix'>\n\n<style type=\"text\/css\" data-created_by=\"avia_inline_auto\" id=\"style-css-av-brcx7-18-d1de1bdbae34987684f23551bfd892de\">\n#top .av_textblock_section.av-brcx7-18-d1de1bdbae34987684f23551bfd892de .avia_textblock{\ncolor:#000000;\n}\n<\/style>\n<section  class='av_textblock_section av-brcx7-18-d1de1bdbae34987684f23551bfd892de '   itemscope=\"itemscope\" itemtype=\"https:\/\/schema.org\/CreativeWork\" ><div class='avia_textblock av_inherit_color'  itemprop=\"text\" ><h1 style=\"text-align: center;\">Services<\/h1>\n<\/div><\/section>\n\n<\/div><\/div><\/div><!-- close content main div --><\/div><\/div>\n<style type=\"text\/css\" data-created_by=\"avia_inline_auto\" id=\"style-css-av-kb0l45f9-19-f9dcf956b523e7c553485ed6831284a8\">\n.avia-section.av-kb0l45f9-19-f9dcf956b523e7c553485ed6831284a8{\nbackground-color:#f4ebdc;\nbackground-image:unset;\n}\n<\/style>\n<div id='av_section_2'  class='avia-section av-kb0l45f9-19-f9dcf956b523e7c553485ed6831284a8 main_color avia-section-default avia-no-border-styling  avia-builder-el-3  el_after_av_section  el_before_av_section  avia-bg-style-scroll container_wrap sidebar_right'  ><div class='container av-section-cont-open' ><div class='template-page content  av-content-small alpha units'><div class='post-entry post-entry-type-page post-entry-7883'><div class='entry-content-wrapper clearfix'>\n\n<style type=\"text\/css\" data-created_by=\"avia_inline_auto\" id=\"style-css-av-brcx7-17-55f8f6a55c4947160a80e5cfd641ac4a\">\n#top .av_textblock_section.av-brcx7-17-55f8f6a55c4947160a80e5cfd641ac4a .avia_textblock{\ncolor:#000000;\n}\n<\/style>\n<section  class='av_textblock_section av-brcx7-17-55f8f6a55c4947160a80e5cfd641ac4a '   itemscope=\"itemscope\" itemtype=\"https:\/\/schema.org\/CreativeWork\" ><div class='avia_textblock av_inherit_color'  itemprop=\"text\" ><h1 style=\"text-align: center;\">Guided Tours In English Or French<\/h1>\n<\/div><\/section>\n\n<style type=\"text\/css\" data-created_by=\"avia_inline_auto\" id=\"style-css-av-c1ynzo-aa4bd91d00edddea4489439a5118d922\">\n.flex_column.av-c1ynzo-aa4bd91d00edddea4489439a5118d922{\nborder-radius:0px 0px 0px 0px;\npadding:0px 0px 0px 0px;\n}\n<\/style>\n<div  class='flex_column av-c1ynzo-aa4bd91d00edddea4489439a5118d922 av_three_fifth  avia-builder-el-5  el_after_av_textblock  el_before_av_two_fifth  first flex_column_div av-zero-column-padding  column-top-margin'     ><section  class='av_textblock_section av-kb0lngwa-8920b64893022fb9ff26fd2021a411e0 '   itemscope=\"itemscope\" itemtype=\"https:\/\/schema.org\/CreativeWork\" ><div class='avia_textblock'  itemprop=\"text\" ><p>Guided tours are available in English or French for\u00a0 groups of 15 to 35 people (<strong>adults<\/strong>: 20 to 35 people). <strong>A booking is required.<\/strong> For more information, please go <a href=\"https:\/\/www.pfahlbauten.de\/en\/contact\/\"><strong>here<\/strong><\/a>.<\/p>\n<p>Des visites guid\u00e9es sont disponibles en Anglais ou en Fran\u00e7ais pour des groupes de 15 \u00e0 35 personnes (<strong>adultes<\/strong>: 20 \u00e0 35 personnes). <strong>Une r\u00e9servation est n\u00e9cessaire.<\/strong> Pour plus d\u2019informations, veuillez vous rendre <a href=\"https:\/\/www.pfahlbauten.de\/en\/contact\/\"><strong>ici<\/strong><\/a>.<\/p>\n<\/div><\/section><\/div>\n<style type=\"text\/css\" data-created_by=\"avia_inline_auto\" id=\"style-css-av-a5vqys-9b411b92a9aa76f57209edba43b0e668\">\n.flex_column.av-a5vqys-9b411b92a9aa76f57209edba43b0e668{\nborder-radius:0px 0px 0px 0px;\npadding:0px 0px 0px 0px;\n}\n<\/style>\n<div  class='flex_column av-a5vqys-9b411b92a9aa76f57209edba43b0e668 av_two_fifth  avia-builder-el-7  el_after_av_three_fifth  avia-builder-el-last  flex_column_div av-zero-column-padding  column-top-margin'     ><style type=\"text\/css\" data-created_by=\"avia_inline_auto\" id=\"style-css-av-ltsr9m8d-07fa230647167c8b50259187909be56c\">\n.avia-image-container.av-ltsr9m8d-07fa230647167c8b50259187909be56c img.avia_image{\nbox-shadow:none;\n}\n.avia-image-container.av-ltsr9m8d-07fa230647167c8b50259187909be56c .av-image-caption-overlay-center{\ncolor:#ffffff;\n}\n<\/style>\n<div  class='avia-image-container av-ltsr9m8d-07fa230647167c8b50259187909be56c av-styling- avia-align-center  avia-builder-el-8  avia-builder-el-no-sibling '   itemprop=\"image\" itemscope=\"itemscope\" itemtype=\"https:\/\/schema.org\/ImageObject\" ><div class=\"avia-image-container-inner\"><div class=\"avia-image-overlay-wrap\"><img decoding=\"async\" fetchpriority=\"high\" class='wp-image-7235 avia-img-lazy-loading-not-7235 avia_image ' src=\"https:\/\/www.pfahlbauten.de\/wp-content\/uploads\/2022\/03\/Gruppe_02.jpg\" alt='' title='Gruppe_02'  height=\"1367\" width=\"2058\"  itemprop=\"thumbnailUrl\" srcset=\"https:\/\/www.pfahlbauten.de\/wp-content\/uploads\/2022\/03\/Gruppe_02.jpg 2058w, https:\/\/www.pfahlbauten.de\/wp-content\/uploads\/2022\/03\/Gruppe_02-300x199.jpg 300w, https:\/\/www.pfahlbauten.de\/wp-content\/uploads\/2022\/03\/Gruppe_02-1030x684.jpg 1030w, https:\/\/www.pfahlbauten.de\/wp-content\/uploads\/2022\/03\/Gruppe_02-768x510.jpg 768w, https:\/\/www.pfahlbauten.de\/wp-content\/uploads\/2022\/03\/Gruppe_02-1536x1020.jpg 1536w, https:\/\/www.pfahlbauten.de\/wp-content\/uploads\/2022\/03\/Gruppe_02-2048x1360.jpg 2048w, https:\/\/www.pfahlbauten.de\/wp-content\/uploads\/2022\/03\/Gruppe_02-1500x996.jpg 1500w, https:\/\/www.pfahlbauten.de\/wp-content\/uploads\/2022\/03\/Gruppe_02-705x468.jpg 705w\" sizes=\"(max-width: 2058px) 100vw, 2058px\" \/><\/div><\/div><\/div><\/div>\n\n<\/div><\/div><\/div><!-- close content main div --><\/div><\/div>\n<style type=\"text\/css\" data-created_by=\"avia_inline_auto\" id=\"style-css-av-ltsrz9d4-2242f4de7844548dd9509b28935ba10e\">\n.avia-section.av-ltsrz9d4-2242f4de7844548dd9509b28935ba10e{\nbackground-color:#ffffff;\nbackground-image:unset;\n}\n<\/style>\n<div id='download'  class='avia-section av-ltsrz9d4-2242f4de7844548dd9509b28935ba10e main_color avia-section-default avia-no-border-styling  avia-builder-el-9  el_after_av_section  el_before_av_section  avia-bg-style-scroll container_wrap sidebar_right'  ><div class='container av-section-cont-open' ><div class='template-page content  av-content-small alpha units'><div class='post-entry post-entry-type-page post-entry-7883'><div class='entry-content-wrapper clearfix'>\n\n<style type=\"text\/css\" data-created_by=\"avia_inline_auto\" id=\"style-css-av-bbfb23-b50135a511be16fca197d04427ae8366\">\n#top .av_textblock_section.av-bbfb23-b50135a511be16fca197d04427ae8366 .avia_textblock{\ncolor:#000000;\n}\n<\/style>\n<section  class='av_textblock_section av-bbfb23-b50135a511be16fca197d04427ae8366 '   itemscope=\"itemscope\" itemtype=\"https:\/\/schema.org\/CreativeWork\" ><div class='avia_textblock av_inherit_color'  itemprop=\"text\" ><h1 style=\"text-align: center;\">Download<\/h1>\n<\/div><\/section>\n<section  class='av_textblock_section av-kaxwqmp3-15-da1326de981247a36cd0c8a6005250a5 '   itemscope=\"itemscope\" itemtype=\"https:\/\/schema.org\/CreativeWork\" ><div class='avia_textblock'  itemprop=\"text\" ><h3 style=\"text-align: left;\"><b>Visitor Information<\/b><\/h3>\n<hr \/>\n<p style=\"text-align: left;\"><strong><a href=\"https:\/\/www.pfahlbauten.de\/wp-content\/uploads\/2025\/07\/PM_Prosp_DL_2025_EN_V02.pdf\" target=\"_blank\" rel=\"noopener\">Flyer English<\/a><br \/>\n<a href=\"https:\/\/www.pfahlbauten.de\/wp-content\/uploads\/2025\/07\/PM_Prosp_DL_2025_FR_V02.pdf\" target=\"_blank\" rel=\"noopener\">Flyer Fran\u00e7ais<\/a><br \/>\n<a href=\"https:\/\/www.pfahlbauten.de\/wp-content\/uploads\/2020\/06\/FremdsprachlicherFlyer_I.pdf\" target=\"_blank\" rel=\"noopener\">Flyer Italiano<\/a><br \/>\n<a href=\"https:\/\/www.pfahlbauten.de\/wp-content\/uploads\/2020\/06\/FremdsprachlicherFlyer_ES.pdf\" target=\"_blank\" rel=\"noopener\">Flyer Espa\u00f1ol<\/a><br \/>\n<a href=\"https:\/\/www.pfahlbauten.de\/wp-content\/uploads\/2020\/06\/FremdsprachlicherFlyer_NL.pdf\" target=\"_blank\" rel=\"noopener\">Flyer Nederlands<\/a><br \/>\n<a href=\"https:\/\/www.pfahlbauten.de\/wp-content\/uploads\/2020\/06\/FremdsprachlicherFlyer_POL.pdf\" target=\"_blank\" rel=\"noopener\">Flyer Polski<\/a><br \/>\n<a href=\"https:\/\/www.pfahlbauten.de\/wp-content\/uploads\/2020\/06\/FremdsprachlicherFlyer_RUS.pdf\" target=\"_blank\" rel=\"noopener\">Flyer \u0420\u0443\u0441\u0441\u043a\u0438\u0439<\/a><br \/>\n<a href=\"https:\/\/www.pfahlbauten.de\/wp-content\/uploads\/2020\/06\/FremdsprachlicherFlyer_S.pdf\" target=\"_blank\" rel=\"noopener\">Flyer Svenska<\/a><br \/>\n<a href=\"https:\/\/www.pfahlbauten.de\/wp-content\/uploads\/2020\/06\/FremdsprachlicherFlyer_TR.pdf\" target=\"_blank\" rel=\"noopener\">Flyer T\u00fcrk\u00e7e<\/a><br \/>\n<a href=\"https:\/\/www.pfahlbauten.de\/wp-content\/uploads\/2020\/06\/FremdsprachlicherFlyer_CN.pdf\" target=\"_blank\" rel=\"noopener\">Flyer \u4e2d\u56fd\u4eba<\/a><\/strong><\/p>\n<\/div><\/section>\n<\/div><\/div><\/div><!-- close content main div --><\/div><\/div>\n<style type=\"text\/css\" data-created_by=\"avia_inline_auto\" id=\"style-css-av-lxt2hoae-6661b11fed299643a20cd2aff2995c07\">\n.avia-section.av-lxt2hoae-6661b11fed299643a20cd2aff2995c07{\nbackground-color:#f4ebdc;\nbackground-image:unset;\n}\n<\/style>\n<div id='av_section_4'  class='avia-section av-lxt2hoae-6661b11fed299643a20cd2aff2995c07 main_color avia-section-default avia-no-border-styling  avia-builder-el-12  el_after_av_section  avia-builder-el-last  avia-bg-style-scroll container_wrap sidebar_right'  ><div class='container av-section-cont-open' ><div class='template-page content  av-content-small alpha units'><div class='post-entry post-entry-type-page post-entry-7883'><div class='entry-content-wrapper clearfix'>\n\n<style type=\"text\/css\" data-created_by=\"avia_inline_auto\" id=\"style-css-av-99e1zf-986361fc6cd983d8f54db1650727dccb\">\n#top .av_textblock_section.av-99e1zf-986361fc6cd983d8f54db1650727dccb .avia_textblock{\ncolor:#000000;\n}\n<\/style>\n<section  class='av_textblock_section av-99e1zf-986361fc6cd983d8f54db1650727dccb '   itemscope=\"itemscope\" itemtype=\"https:\/\/schema.org\/CreativeWork\" ><div class='avia_textblock av_inherit_color'  itemprop=\"text\" ><h1 style=\"text-align: center;\">Taking Photos And Videos Inside The Museum<\/h1>\n<\/div><\/section>\n\n<style type=\"text\/css\" data-created_by=\"avia_inline_auto\" id=\"style-css-av-7bi6zv-e0b94dcbce4f4bcfadb95416f2ed3c17\">\n.flex_column.av-7bi6zv-e0b94dcbce4f4bcfadb95416f2ed3c17{\nborder-radius:0px 0px 0px 0px;\npadding:0px 0px 0px 0px;\n}\n<\/style>\n<div  class='flex_column av-7bi6zv-e0b94dcbce4f4bcfadb95416f2ed3c17 av_one_half  avia-builder-el-14  el_after_av_textblock  el_before_av_one_half  first flex_column_div av-zero-column-padding  column-top-margin'     ><section  class='av_textblock_section av-6lphcr-495cb789a1ca4ea364d0be001e840b26 '   itemscope=\"itemscope\" itemtype=\"https:\/\/schema.org\/CreativeWork\" ><div class='avia_textblock'  itemprop=\"text\" ><p>Photographs taken on the museum grounds are subject to the copyright of the Association for Pile Dwelling und Regional History, the sponsor of the Pile Dwellings of Unteruhldingen. For images used commercially, permission from the museum is required. Processing your application can take 2-3 days. For further information, please contact us.<\/p>\n<p><a href=\"https:\/\/www.pfahlbauten.de\/en\/contact\/\"><strong>&gt; Contact<\/strong><\/a><\/p>\n<\/div><\/section><\/div>\n<style type=\"text\/css\" data-created_by=\"avia_inline_auto\" id=\"style-css-av-4wpu57-363c9ab5588c91056a8b34a768c80d9e\">\n.flex_column.av-4wpu57-363c9ab5588c91056a8b34a768c80d9e{\nborder-radius:0px 0px 0px 0px;\npadding:0px 0px 0px 0px;\n}\n<\/style>\n<div  class='flex_column av-4wpu57-363c9ab5588c91056a8b34a768c80d9e av_one_half  avia-builder-el-16  el_after_av_one_half  avia-builder-el-last  flex_column_div av-zero-column-padding  column-top-margin'     ><section  class='av_textblock_section av-2l87zf-519fced617149fecdcc1ea8b193337bd '   itemscope=\"itemscope\" itemtype=\"https:\/\/schema.org\/CreativeWork\" ><div class='avia_textblock'  itemprop=\"text\" ><p>The museum is always happy when particularly nice photographs are made available to it.<\/p>\n<p>When used by picture agencies and for advertising purposes, permission from the museum management has been agreed upon by the museum sponsor. This also applies to video and drone recordings. Nature conservation concerns must also be taken into account here.<\/p>\n<\/div><\/section><\/div>\n<\/div><\/div><\/div><!-- close content main div --><\/div><\/div><div id='after_section_4'  class='main_color av_default_container_wrap container_wrap sidebar_right'  ><div class='container av-section-cont-open' ><div class='template-page content  av-content-small alpha units'><div class='post-entry post-entry-type-page post-entry-7883'><div class='entry-content-wrapper clearfix'><\/p>\n","protected":false},"excerpt":{"rendered":"","protected":false},"author":3,"featured_media":0,"parent":0,"menu_order":0,"comment_status":"closed","ping_status":"closed","template":"","meta":{"inline_featured_image":false,"footnotes":""},"class_list":["post-7883","page","type-page","status-publish","hentry"],"_links":{"self":[{"href":"https:\/\/www.pfahlbauten.de\/en\/wp-json\/wp\/v2\/pages\/7883","targetHints":{"allow":["GET"]}}],"collection":[{"href":"https:\/\/www.pfahlbauten.de\/en\/wp-json\/wp\/v2\/pages"}],"about":[{"href":"https:\/\/www.pfahlbauten.de\/en\/wp-json\/wp\/v2\/types\/page"}],"author":[{"embeddable":true,"href":"https:\/\/www.pfahlbauten.de\/en\/wp-json\/wp\/v2\/users\/3"}],"replies":[{"embeddable":true,"href":"https:\/\/www.pfahlbauten.de\/en\/wp-json\/wp\/v2\/comments?post=7883"}],"version-history":[{"count":0,"href":"https:\/\/www.pfahlbauten.de\/en\/wp-json\/wp\/v2\/pages\/7883\/revisions"}],"wp:attachment":[{"href":"https:\/\/www.pfahlbauten.de\/en\/wp-json\/wp\/v2\/media?parent=7883"}],"curies":[{"name":"wp","href":"https:\/\/api.w.org\/{rel}","templated":true}]}}